{"id":3749,"date":"2025-11-06T16:59:15","date_gmt":"2025-11-06T16:59:15","guid":{"rendered":"http:\/\/mnkseguroscr.com\/mnk-new\/?page_id=3749"},"modified":"2026-04-08T21:08:10","modified_gmt":"2026-04-08T21:08:10","slug":"clientes","status":"publish","type":"page","link":"https:\/\/mnkseguroscr.com\/mnk-new\/clientes\/","title":{"rendered":"Clientes"},"content":{"rendered":"\t\t<div data-elementor-type=\"wp-page\" data-elementor-id=\"3749\" class=\"elementor elementor-3749\" wpc-filter-elementor-widget=\"1\">\n\t\t\t\t\t\t<section class=\"elementor-section elementor-top-section elementor-element elementor-element-789422a elementor-section-height-min-height elementor-section-boxed elementor-section-height-default elementor-section-items-middle\" data-id=\"789422a\" data-element_type=\"section\" data-e-type=\"section\" data-settings=\"{&quot;background_background&quot;:&quot;classic&quot;}\">\n\t\t\t\t\t\t<div class=\"elementor-container elementor-column-gap-default\">\n\t\t\t\t\t<div class=\"elementor-column elementor-col-100 elementor-top-column elementor-element elementor-element-3a202dd\" data-id=\"3a202dd\" data-element_type=\"column\" data-e-type=\"column\">\n\t\t\t<div class=\"elementor-widget-wrap elementor-element-populated\">\n\t\t\t\t\t\t<div class=\"elementor-element elementor-element-6fb5d95 elementor-widget__width-initial elementor-widget elementor-widget-services_noxiy\" data-id=\"6fb5d95\" data-element_type=\"widget\" data-e-type=\"widget\" data-widget_type=\"services_noxiy.default\">\n\t\t\t\t<div class=\"elementor-widget-container\">\n\t\t\t\t\t\n        \n                    <div class=\"services__one-item m-0\">\n                <div class=\"services__one-item-image\">\n                    <img decoding=\"async\" src=\"https:\/\/mnkseguroscr.com\/mnk-new\/wp-content\/uploads\/2026\/02\/Centro-de-Servicios-Curridabat.webp\" alt=\"No alt text\" \/>                <\/div>\n                <div class=\"services__one-item-content\">\n                    <div class=\"services__one-item-content-icon\">\n                        <i class=\"flaticon flaticon-customer-service\"><\/i>\n                    <\/div>\n                    <h4><a href=\"http:\/\/mnkseguroscr.com\/mnk-new\/portfolio\/cost-containment\/\">Centros de Servicios<\/a>\n                    <\/h4>\n                    <p>\n                        <br \/>\nViv\u00ed la experiencia donde sos el  #1.<br \/>\n<br \/>\n<br \/>\n                    <\/p>\n                    <a href=\"http:\/\/mnkseguroscr.com\/mnk-new\/portfolio\/cost-containment\/\">\n                        <p>\n                            Descubr\u00ed m\u00e1s aqu\u00ed                        <\/p><i class=\"fas fa-long-arrow-right\"><\/i>\n                    <\/a>\n                <\/div>\n            <\/div>\n        \n\n        \n        \n        \t\t\t\t<\/div>\n\t\t\t\t<\/div>\n\t\t\t\t<div class=\"elementor-element elementor-element-cdaee74 elementor-widget__width-initial elementor-widget elementor-widget-services_noxiy\" data-id=\"cdaee74\" data-element_type=\"widget\" data-e-type=\"widget\" data-widget_type=\"services_noxiy.default\">\n\t\t\t\t<div class=\"elementor-widget-container\">\n\t\t\t\t\t\n        \n                    <div class=\"services__one-item m-0\">\n                <div class=\"services__one-item-image\">\n                    <img decoding=\"async\" src=\"https:\/\/mnkseguroscr.com\/mnk-new\/wp-content\/uploads\/2026\/02\/woman-checking-engine-man-swapping-tire.webp\" alt=\"No alt text\" \/>                <\/div>\n                <div class=\"services__one-item-content\">\n                    <div class=\"services__one-item-content-icon\">\n                        <i class=\"fas fa-car-crash\"><\/i>\n                    <\/div>\n                    <h4><a href=\"http:\/\/mnkseguroscr.com\/mnk-new\/que-hacer-en-caso-de-siniestro\/\">\u00bfQu\u00e9 hacer en caso de siniestro?<\/a>\n                    <\/h4>\n                    <p>\n                        <br \/>\n\u00a1Estamos con vos en ese momento! Te brindamos algunos consejos a seguir.<br \/>\n<br \/>\n                    <\/p>\n                    <a href=\"http:\/\/mnkseguroscr.com\/mnk-new\/que-hacer-en-caso-de-siniestro\/\">\n                        <p>\n                            Conoc\u00e9 aqu\u00ed                        <\/p><i class=\"fas fa-long-arrow-right\"><\/i>\n                    <\/a>\n                <\/div>\n            <\/div>\n        \n\n        \n        \n        \t\t\t\t<\/div>\n\t\t\t\t<\/div>\n\t\t\t\t<div class=\"elementor-element elementor-element-a98d808 elementor-widget__width-initial elementor-widget elementor-widget-services_noxiy\" data-id=\"a98d808\" data-element_type=\"widget\" data-e-type=\"widget\" data-widget_type=\"services_noxiy.default\">\n\t\t\t\t<div class=\"elementor-widget-container\">\n\t\t\t\t\t\n        \n                    <div class=\"services__one-item m-0\">\n                <div class=\"services__one-item-image\">\n                    <img decoding=\"async\" src=\"https:\/\/mnkseguroscr.com\/mnk-new\/wp-content\/uploads\/2026\/02\/red-talleres.webp\" alt=\"No alt text\" \/>                <\/div>\n                <div class=\"services__one-item-content\">\n                    <div class=\"services__one-item-content-icon\">\n                        <i class=\"fas fa-tools\"><\/i>\n                    <\/div>\n                    <h4><a href=\"http:\/\/mnkseguroscr.com\/mnk-new\/red-de-talleres-autorizados\/\">Red de talleres autorizados<\/a>\n                    <\/h4>\n                    <p>\n                        <br \/>\nConoc\u00e9 la lista de talleres con los que trabajamos y eleg\u00ed el de tu preferencia.<br \/>\n<br \/>\n                    <\/p>\n                    <a href=\"http:\/\/mnkseguroscr.com\/mnk-new\/red-de-talleres-autorizados\/\">\n                        <p>\n                            Ver lista                        <\/p><i class=\"fas fa-long-arrow-right\"><\/i>\n                    <\/a>\n                <\/div>\n            <\/div>\n        \n\n        \n        \n        \t\t\t\t<\/div>\n\t\t\t\t<\/div>\n\t\t\t\t<div class=\"elementor-element elementor-element-4375606 elementor-widget__width-initial elementor-widget elementor-widget-services_noxiy\" data-id=\"4375606\" data-element_type=\"widget\" data-e-type=\"widget\" data-widget_type=\"services_noxiy.default\">\n\t\t\t\t<div class=\"elementor-widget-container\">\n\t\t\t\t\t\n        \n                    <div class=\"services__one-item m-0\">\n                <div class=\"services__one-item-image\">\n                    <img decoding=\"async\" src=\"https:\/\/mnkseguroscr.com\/mnk-new\/wp-content\/uploads\/2026\/02\/pago-en-linea.webp\" alt=\"No alt text\" \/>                <\/div>\n                <div class=\"services__one-item-content\">\n                    <div class=\"services__one-item-content-icon\">\n                        <i class=\"fab fa-cc-mastercard\"><\/i>\n                    <\/div>\n                    <h4><a href=\"https:\/\/portal.mnkseguros.com:7443\/pagoEnLinea\/index.php\/validacion\/\">Pago en l\u00ednea<\/a>\n                    <\/h4>\n                    <p>\n                        <br \/>\nPag\u00e1 tu p\u00f3liza de forma \u00e1gil y simple.<br \/>\n<br \/>\n                    <\/p>\n                    <a href=\"https:\/\/portal.mnkseguros.com:7443\/pagoEnLinea\/index.php\/validacion\/\">\n                        <p>\n                            Ingresando aqu\u00ed                        <\/p><i class=\"fas fa-long-arrow-right\"><\/i>\n                    <\/a>\n                <\/div>\n            <\/div>\n        \n\n        \n        \n        \t\t\t\t<\/div>\n\t\t\t\t<\/div>\n\t\t\t\t<div class=\"elementor-element elementor-element-3ea567d elementor-widget__width-initial elementor-widget elementor-widget-services_noxiy\" data-id=\"3ea567d\" data-element_type=\"widget\" data-e-type=\"widget\" data-widget_type=\"services_noxiy.default\">\n\t\t\t\t<div class=\"elementor-widget-container\">\n\t\t\t\t\t\n        \n                    <div class=\"services__one-item m-0\">\n                <div class=\"services__one-item-image\">\n                    <img decoding=\"async\" src=\"https:\/\/mnkseguroscr.com\/mnk-new\/wp-content\/uploads\/2026\/02\/RT-en-linea-1.webp\" alt=\"No alt text\" \/>                <\/div>\n                <div class=\"services__one-item-content\">\n                    <div class=\"services__one-item-content-icon\">\n                        <i class=\"far fa-hospital\"><\/i>\n                    <\/div>\n                    <h4><a href=\"https:\/\/mnkseguros.renapp.us\/login\">Riesgos del Trabajo en l\u00ednea<\/a>\n                    <\/h4>\n                    <p>\n                        <br \/>\nAcced\u00e9 la plataforma de autogesti\u00f3n de nuestro seguro de riesgos del trabajo.                    <\/p>\n                    <a href=\"https:\/\/mnkseguros.renapp.us\/login\">\n                        <p>\n                            Ingres\u00e1 aqu\u00ed                        <\/p><i class=\"fas fa-long-arrow-right\"><\/i>\n                    <\/a>\n                <\/div>\n            <\/div>\n        \n\n        \n        \n        \t\t\t\t<\/div>\n\t\t\t\t<\/div>\n\t\t\t\t\t<\/div>\n\t\t<\/div>\n\t\t\t\t\t<\/div>\n\t\t<\/section>\n\t\t<div class=\"elementor-element elementor-element-5d7d851 e-flex e-con-boxed e-con e-parent\" data-id=\"5d7d851\" data-element_type=\"container\" data-e-type=\"container\">\n\t\t\t\t\t<div class=\"e-con-inner\">\n\t\t<div class=\"elementor-element elementor-element-1f07770 e-con-full e-flex e-con e-child\" data-id=\"1f07770\" data-element_type=\"container\" data-e-type=\"container\">\n\t\t\t\t<div class=\"elementor-element elementor-element-077ac74 elementor-widget elementor-widget-image\" data-id=\"077ac74\" data-element_type=\"widget\" data-e-type=\"widget\" data-widget_type=\"image.default\">\n\t\t\t\t<div class=\"elementor-widget-container\">\n\t\t\t\t\t\t\t\t\t\t\t\t\t\t\t<img fetchpriority=\"high\" decoding=\"async\" width=\"500\" height=\"540\" src=\"https:\/\/mnkseguroscr.com\/mnk-new\/wp-content\/uploads\/2023\/07\/benefits.jpg\" class=\"attachment-large size-large wp-image-2075\" alt=\"\" \/>\t\t\t\t\t\t\t\t\t\t\t\t\t\t\t<\/div>\n\t\t\t\t<\/div>\n\t\t\t\t<\/div>\n\t\t<div class=\"elementor-element elementor-element-a854bfd e-con-full e-flex e-con e-child\" data-id=\"a854bfd\" data-element_type=\"container\" data-e-type=\"container\">\n\t\t\t\t<div class=\"elementor-element elementor-element-822e6b8 elementor-widget elementor-widget-heading\" data-id=\"822e6b8\" data-element_type=\"widget\" data-e-type=\"widget\" data-widget_type=\"heading.default\">\n\t\t\t\t<div class=\"elementor-widget-container\">\n\t\t\t\t\t<h2 class=\"elementor-heading-title elementor-size-default\">\u00a1Ayudanos a mejorar para vos!<\/h2>\t\t\t\t<\/div>\n\t\t\t\t<\/div>\n\t\t\t\t<div class=\"elementor-element elementor-element-bdfad7a elementor-widget elementor-widget-text-editor\" data-id=\"bdfad7a\" data-element_type=\"widget\" data-e-type=\"widget\" data-widget_type=\"text-editor.default\">\n\t\t\t\t<div class=\"elementor-widget-container\">\n\t\t\t\t\t\t\t\t\t<p style=\"text-align: left;\">Brindanos tus consultas o sugerencias<\/p>\t\t\t\t\t\t\t\t<\/div>\n\t\t\t\t<\/div>\n\t\t<div class=\"elementor-element elementor-element-be0b104 e-con-full e-flex e-con e-child\" data-id=\"be0b104\" data-element_type=\"container\" data-e-type=\"container\">\n\t\t\t\t<div class=\"elementor-element elementor-element-8d5ea3d elementor-widget elementor-widget-button-noxiy\" data-id=\"8d5ea3d\" data-element_type=\"widget\" data-e-type=\"widget\" data-widget_type=\"button-noxiy.default\">\n\t\t\t\t<div class=\"elementor-widget-container\">\n\t\t\t\t\t\r\n        <div class=\"noxiy-button\">\r\n            <a href=\"https:\/\/mnkseguroscr.com\/mnk-new\/contact-01\/\" class=\"noxiy__btn\">\r\n                Ingres\u00e1 aqu\u00ed            <\/a>\r\n\r\n        <\/div>\r\n\r\n        \t\t\t\t<\/div>\n\t\t\t\t<\/div>\n\t\t\t\t<\/div>\n\t\t\t\t<\/div>\n\t\t\t\t\t<\/div>\n\t\t\t\t<\/div>\n\t\t<div class=\"elementor-element elementor-element-6ce750d e-flex e-con-boxed e-con e-parent\" data-id=\"6ce750d\" data-element_type=\"container\" data-e-type=\"container\">\n\t\t\t\t\t<div class=\"e-con-inner\">\n\t\t\t\t<div class=\"elementor-element elementor-element-e9acd38 elementor-widget elementor-widget-spacer\" data-id=\"e9acd38\" data-element_type=\"widget\" data-e-type=\"widget\" data-widget_type=\"spacer.default\">\n\t\t\t\t<div class=\"elementor-widget-container\">\n\t\t\t\t\t\t\t<div class=\"elementor-spacer\">\n\t\t\t<div class=\"elementor-spacer-inner\"><\/div>\n\t\t<\/div>\n\t\t\t\t\t\t<\/div>\n\t\t\t\t<\/div>\n\t\t\t\t\t<\/div>\n\t\t\t\t<\/div>\n\t\t\t\t<\/div>\n\t\t","protected":false},"excerpt":{"rendered":"<p>Centros de Servicios Viv\u00ed la experiencia donde sos el #1. Descubr\u00ed m\u00e1s aqu\u00ed \u00bfQu\u00e9 hacer en caso de siniestro? \u00a1Estamos con vos en ese momento! Te brindamos algunos consejos a seguir. Conoc\u00e9 aqu\u00ed Red de talleres autorizados Conoc\u00e9 la lista de talleres con los que trabajamos y eleg\u00ed el de tu preferencia. Ver lista Pago [&hellip;]<\/p>\n","protected":false},"author":2,"featured_media":0,"parent":0,"menu_order":0,"comment_status":"closed","ping_status":"closed","template":"page-builder.php","meta":{"_acf_changed":false,"inline_featured_image":false,"footnotes":""},"class_list":["post-3749","page","type-page","status-publish","hentry"],"acf":[],"aioseo_notices":[],"_links":{"self":[{"href":"https:\/\/mnkseguroscr.com\/mnk-new\/wp-json\/wp\/v2\/pages\/3749","targetHints":{"allow":["GET"]}}],"collection":[{"href":"https:\/\/mnkseguroscr.com\/mnk-new\/wp-json\/wp\/v2\/pages"}],"about":[{"href":"https:\/\/mnkseguroscr.com\/mnk-new\/wp-json\/wp\/v2\/types\/page"}],"author":[{"embeddable":true,"href":"https:\/\/mnkseguroscr.com\/mnk-new\/wp-json\/wp\/v2\/users\/2"}],"replies":[{"embeddable":true,"href":"https:\/\/mnkseguroscr.com\/mnk-new\/wp-json\/wp\/v2\/comments?post=3749"}],"version-history":[{"count":118,"href":"https:\/\/mnkseguroscr.com\/mnk-new\/wp-json\/wp\/v2\/pages\/3749\/revisions"}],"predecessor-version":[{"id":21478,"href":"https:\/\/mnkseguroscr.com\/mnk-new\/wp-json\/wp\/v2\/pages\/3749\/revisions\/21478"}],"wp:attachment":[{"href":"https:\/\/mnkseguroscr.com\/mnk-new\/wp-json\/wp\/v2\/media?parent=3749"}],"curies":[{"name":"wp","href":"https:\/\/api.w.org\/{rel}","templated":true}]}}