{"id":3753,"date":"2025-11-06T17:22:10","date_gmt":"2025-11-06T17:22:10","guid":{"rendered":"http:\/\/mnkseguroscr.com\/mnk-new\/?page_id=3753"},"modified":"2026-04-08T21:04:37","modified_gmt":"2026-04-08T21:04:37","slug":"servicios","status":"publish","type":"page","link":"https:\/\/mnkseguroscr.com\/mnk-new\/servicios\/","title":{"rendered":"Servicios"},"content":{"rendered":"\t\t<div data-elementor-type=\"wp-page\" data-elementor-id=\"3753\" class=\"elementor elementor-3753\" wpc-filter-elementor-widget=\"1\">\n\t\t\t\t\t\t<section class=\"elementor-section elementor-top-section elementor-element elementor-element-789422a elementor-section-boxed elementor-section-height-default elementor-section-height-default\" data-id=\"789422a\" data-element_type=\"section\" data-e-type=\"section\" data-settings=\"{&quot;background_background&quot;:&quot;classic&quot;}\">\n\t\t\t\t\t\t<div class=\"elementor-container elementor-column-gap-no\">\n\t\t\t\t\t<div class=\"elementor-column elementor-col-100 elementor-top-column elementor-element elementor-element-3a202dd\" data-id=\"3a202dd\" data-element_type=\"column\" data-e-type=\"column\">\n\t\t\t<div class=\"elementor-widget-wrap elementor-element-populated\">\n\t\t\t\t\t\t<div class=\"elementor-element elementor-element-4375606 elementor-widget__width-initial elementor-widget elementor-widget-services_noxiy\" data-id=\"4375606\" data-element_type=\"widget\" data-e-type=\"widget\" data-widget_type=\"services_noxiy.default\">\n\t\t\t\t<div class=\"elementor-widget-container\">\n\t\t\t\t\t\n        \n                    <div class=\"services__one-item m-0\">\n                <div class=\"services__one-item-image\">\n                    <img decoding=\"async\" src=\"https:\/\/mnkseguroscr.com\/mnk-new\/wp-content\/uploads\/2026\/04\/log-intermediarios-scaled-1.webp\" alt=\"No alt text\" \/>                <\/div>\n                <div class=\"services__one-item-content\">\n                    <div class=\"services__one-item-content-icon\">\n                        <i class=\"fas fa-user\"><\/i>\n                    <\/div>\n                    <h4><a href=\"http:\/\/mnkseguroscr.com\/mnk-new\/clientes\/\">Clientes<\/a>\n                    <\/h4>\n                    <p>\n                        <br \/>\nEncontr\u00e1 los todos los servicios que necesit\u00e1s para gestionar tus tr\u00e1mites.<br \/>\n<br \/>\n<br \/>\n                    <\/p>\n                    <a href=\"http:\/\/mnkseguroscr.com\/mnk-new\/clientes\/\">\n                        <p>\n                            Descubr\u00ed m\u00e1s aqu\u00ed                        <\/p><i class=\"fas fa-long-arrow-right\"><\/i>\n                    <\/a>\n                <\/div>\n            <\/div>\n        \n\n        \n        \n        \t\t\t\t<\/div>\n\t\t\t\t<\/div>\n\t\t\t\t<div class=\"elementor-element elementor-element-3ea567d elementor-widget__width-initial elementor-widget elementor-widget-services_noxiy\" data-id=\"3ea567d\" data-element_type=\"widget\" data-e-type=\"widget\" data-widget_type=\"services_noxiy.default\">\n\t\t\t\t<div class=\"elementor-widget-container\">\n\t\t\t\t\t\n        \n                    <div class=\"services__one-item m-0\">\n                <div class=\"services__one-item-image\">\n                    <img decoding=\"async\" src=\"https:\/\/mnkseguroscr.com\/mnk-new\/wp-content\/uploads\/2026\/04\/log-cliente-scaled-1.webp\" alt=\"No alt text\" \/>                <\/div>\n                <div class=\"services__one-item-content\">\n                    <div class=\"services__one-item-content-icon\">\n                        <i class=\"fas fa-user-cog\"><\/i>\n                    <\/div>\n                    <h4><a href=\"http:\/\/mnkseguroscr.com\/mnk-new\/intermediarios\/\">Intermediarios<\/a>\n                    <\/h4>\n                    <p>\n                        <br \/>\nAprovech\u00e1 estos insumos para facilitar tus gestiones y fortalecer la relaci\u00f3n con <br \/>\nnosotros y tus clientes.<br \/>\n<br \/>\n                    <\/p>\n                    <a href=\"http:\/\/mnkseguroscr.com\/mnk-new\/intermediarios\/\">\n                        <p>\n                            Acced\u00e9 aqu\u00ed                        <\/p><i class=\"fas fa-long-arrow-right\"><\/i>\n                    <\/a>\n                <\/div>\n            <\/div>\n        \n\n        \n        \n        \t\t\t\t<\/div>\n\t\t\t\t<\/div>\n\t\t\t\t\t<\/div>\n\t\t<\/div>\n\t\t\t\t\t<\/div>\n\t\t<\/section>\n\t\t\t\t<\/div>\n\t\t","protected":false},"excerpt":{"rendered":"<p>Clientes Encontr\u00e1 los todos los servicios que necesit\u00e1s para gestionar tus tr\u00e1mites. Descubr\u00ed m\u00e1s aqu\u00ed Intermediarios Aprovech\u00e1 estos insumos para facilitar tus gestiones y fortalecer la relaci\u00f3n con nosotros y tus clientes. Acced\u00e9 aqu\u00ed<\/p>\n","protected":false},"author":3,"featured_media":0,"parent":0,"menu_order":0,"comment_status":"closed","ping_status":"closed","template":"page-builder.php","meta":{"_acf_changed":false,"inline_featured_image":false,"footnotes":""},"class_list":["post-3753","page","type-page","status-publish","hentry"],"acf":[],"aioseo_notices":[],"_links":{"self":[{"href":"https:\/\/mnkseguroscr.com\/mnk-new\/wp-json\/wp\/v2\/pages\/3753","targetHints":{"allow":["GET"]}}],"collection":[{"href":"https:\/\/mnkseguroscr.com\/mnk-new\/wp-json\/wp\/v2\/pages"}],"about":[{"href":"https:\/\/mnkseguroscr.com\/mnk-new\/wp-json\/wp\/v2\/types\/page"}],"author":[{"embeddable":true,"href":"https:\/\/mnkseguroscr.com\/mnk-new\/wp-json\/wp\/v2\/users\/3"}],"replies":[{"embeddable":true,"href":"https:\/\/mnkseguroscr.com\/mnk-new\/wp-json\/wp\/v2\/comments?post=3753"}],"version-history":[{"count":79,"href":"https:\/\/mnkseguroscr.com\/mnk-new\/wp-json\/wp\/v2\/pages\/3753\/revisions"}],"predecessor-version":[{"id":21475,"href":"https:\/\/mnkseguroscr.com\/mnk-new\/wp-json\/wp\/v2\/pages\/3753\/revisions\/21475"}],"wp:attachment":[{"href":"https:\/\/mnkseguroscr.com\/mnk-new\/wp-json\/wp\/v2\/media?parent=3753"}],"curies":[{"name":"wp","href":"https:\/\/api.w.org\/{rel}","templated":true}]}}