{"id":3758,"date":"2025-11-06T17:30:09","date_gmt":"2025-11-06T17:30:09","guid":{"rendered":"http:\/\/mnkseguroscr.com\/mnk-new\/?page_id=3758"},"modified":"2026-04-15T02:45:17","modified_gmt":"2026-04-15T02:45:17","slug":"intermediarios","status":"publish","type":"page","link":"https:\/\/mnkseguroscr.com\/mnk-new\/intermediarios\/","title":{"rendered":"Intermediarios"},"content":{"rendered":"\t\t<div data-elementor-type=\"wp-page\" data-elementor-id=\"3758\" class=\"elementor elementor-3758\" wpc-filter-elementor-widget=\"1\">\n\t\t\t\t\t\t<section class=\"elementor-section elementor-top-section elementor-element elementor-element-2c0a89a elementor-section-boxed elementor-section-height-default elementor-section-height-default\" data-id=\"2c0a89a\" data-element_type=\"section\" data-e-type=\"section\" data-settings=\"{&quot;background_background&quot;:&quot;classic&quot;}\">\n\t\t\t\t\t\t<div class=\"elementor-container elementor-column-gap-no\">\n\t\t\t\t\t<div class=\"elementor-column elementor-col-100 elementor-top-column elementor-element elementor-element-9d50867\" data-id=\"9d50867\" data-element_type=\"column\" data-e-type=\"column\">\n\t\t\t<div class=\"elementor-widget-wrap elementor-element-populated\">\n\t\t\t\t\t\t<div data-premium-element-link=\"{&quot;type&quot;:&quot;url&quot;,&quot;link&quot;:{&quot;url&quot;:&quot;https:\\\/\\\/web.mnkseguros.com:9443\\\/oceanicaweb\\\/&quot;,&quot;is_external&quot;:&quot;on&quot;,&quot;nofollow&quot;:&quot;&quot;,&quot;custom_attributes&quot;:&quot;&quot;},&quot;href&quot;:&quot;https:\\\/\\\/web.mnkseguros.com:9443\\\/oceanicaweb\\\/&quot;}\" style=\"cursor: pointer\" class=\"elementor-element elementor-element-1cb912b elementor-widget__width-initial premium-wrapper-link-yes elementor-widget elementor-widget-services_noxiy\" data-id=\"1cb912b\" data-element_type=\"widget\" data-e-type=\"widget\" data-widget_type=\"services_noxiy.default\">\n\t\t\t\t<div class=\"elementor-widget-container\">\n\t\t\t\t\t\n        \n                    <div class=\"services__one-item m-0\">\n                <div class=\"services__one-item-image\">\n                                    <\/div>\n                <div class=\"services__one-item-content\">\n                    <div class=\"services__one-item-content-icon\">\n                        <i class=\"far fa-building\"><\/i>\n                    <\/div>\n                    <h4><a href=\"\">Portal de Intermediarios<\/a>\n                    <\/h4>\n                    <p>\n                        <br \/>\nEncontrar\u00e1s herramientas y recursos para gestionar y ofrecer un servicio a tus clientes de forma \u00e1gil y eficiente.<br \/>\n<br \/>\n                    <\/p>\n                    <a href=\"\">\n                        <p>\n                            Conoc\u00e9 m\u00e1s                        <\/p><i class=\"fas fa-long-arrow-right\"><\/i>\n                    <\/a>\n                <\/div>\n            <\/div>\n        \n\n        \n        \n        \t\t\t\t<\/div>\n\t\t\t\t<\/div>\n\t\t\t\t<div class=\"elementor-element elementor-element-6aa4063 elementor-widget__width-initial elementor-widget elementor-widget-services_noxiy\" data-id=\"6aa4063\" data-element_type=\"widget\" data-e-type=\"widget\" data-widget_type=\"services_noxiy.default\">\n\t\t\t\t<div class=\"elementor-widget-container\">\n\t\t\t\t\t\n        \n                    <div class=\"services__one-item m-0\">\n                <div class=\"services__one-item-image\">\n                                    <\/div>\n                <div class=\"services__one-item-content\">\n                    <div class=\"services__one-item-content-icon\">\n                        <i class=\"fas fa-file-invoice\"><\/i>\n                    <\/div>\n                    <h4><a href=\"http:\/\/mnkseguroscr.com\/mnk-new\/documentacion\/\">Documentaci\u00f3n<\/a>\n                    <\/h4>\n                    <p>\n                        <br \/>\nAcced\u00e9 a todos los documentos necesarios para realizar y gestionar tus tr\u00e1mites de manera f\u00e1cil y r\u00e1pida.<br \/>\n<br \/>\n                    <\/p>\n                    <a href=\"http:\/\/mnkseguroscr.com\/mnk-new\/documentacion\/\">\n                        <p>\n                            Conoc\u00e9 m\u00e1s                        <\/p><i class=\"fas fa-long-arrow-right\"><\/i>\n                    <\/a>\n                <\/div>\n            <\/div>\n        \n\n        \n        \n        \t\t\t\t<\/div>\n\t\t\t\t<\/div>\n\t\t\t\t<div data-premium-element-link=\"{&quot;type&quot;:&quot;url&quot;,&quot;link&quot;:{&quot;url&quot;:&quot;https:\\\/\\\/mnkseguros.renapp.us\\\/login&quot;,&quot;is_external&quot;:&quot;on&quot;,&quot;nofollow&quot;:&quot;&quot;,&quot;custom_attributes&quot;:&quot;&quot;},&quot;href&quot;:&quot;https:\\\/\\\/mnkseguros.renapp.us\\\/login&quot;}\" style=\"cursor: pointer\" class=\"elementor-element elementor-element-a28f77e elementor-widget__width-initial premium-wrapper-link-yes elementor-widget elementor-widget-services_noxiy\" data-id=\"a28f77e\" data-element_type=\"widget\" data-e-type=\"widget\" data-widget_type=\"services_noxiy.default\">\n\t\t\t\t<div class=\"elementor-widget-container\">\n\t\t\t\t\t\n        \n                    <div class=\"services__one-item m-0\">\n                <div class=\"services__one-item-image\">\n                                    <\/div>\n                <div class=\"services__one-item-content\">\n                    <div class=\"services__one-item-content-icon\">\n                        <i class=\"fas fa-desktop\"><\/i>\n                    <\/div>\n                    <h4><a href=\"\">Riesgos del Trabajo en L\u00ednea<\/a>\n                    <\/h4>\n                    <p>\n                        <br \/>\nIngres\u00e1 a la plataforma de autogesti\u00f3n para administrar tu seguro de riesgos del trabajo de forma simple y segura.<br \/>\n<br \/>\n                    <\/p>\n                    <a href=\"\">\n                        <p>\n                            Conoc\u00e9 m\u00e1s                        <\/p><i class=\"fas fa-long-arrow-right\"><\/i>\n                    <\/a>\n                <\/div>\n            <\/div>\n        \n\n        \n        \n        \t\t\t\t<\/div>\n\t\t\t\t<\/div>\n\t\t\t\t\t<\/div>\n\t\t<\/div>\n\t\t\t\t\t<\/div>\n\t\t<\/section>\n\t\t\t\t<\/div>\n\t\t","protected":false},"excerpt":{"rendered":"<p>Portal de Intermediarios Encontrar\u00e1s herramientas y recursos para gestionar y ofrecer un servicio a tus clientes de forma \u00e1gil y eficiente. Conoc\u00e9 m\u00e1s Documentaci\u00f3n Acced\u00e9 a todos los documentos necesarios para realizar y gestionar tus tr\u00e1mites de manera f\u00e1cil y r\u00e1pida. Conoc\u00e9 m\u00e1s Riesgos del Trabajo en L\u00ednea Ingres\u00e1 a la plataforma de autogesti\u00f3n para [&hellip;]<\/p>\n","protected":false},"author":3,"featured_media":0,"parent":0,"menu_order":0,"comment_status":"closed","ping_status":"closed","template":"page-builder.php","meta":{"_acf_changed":false,"inline_featured_image":false,"footnotes":""},"class_list":["post-3758","page","type-page","status-publish","hentry"],"acf":[],"aioseo_notices":[],"_links":{"self":[{"href":"https:\/\/mnkseguroscr.com\/mnk-new\/wp-json\/wp\/v2\/pages\/3758","targetHints":{"allow":["GET"]}}],"collection":[{"href":"https:\/\/mnkseguroscr.com\/mnk-new\/wp-json\/wp\/v2\/pages"}],"about":[{"href":"https:\/\/mnkseguroscr.com\/mnk-new\/wp-json\/wp\/v2\/types\/page"}],"author":[{"embeddable":true,"href":"https:\/\/mnkseguroscr.com\/mnk-new\/wp-json\/wp\/v2\/users\/3"}],"replies":[{"embeddable":true,"href":"https:\/\/mnkseguroscr.com\/mnk-new\/wp-json\/wp\/v2\/comments?post=3758"}],"version-history":[{"count":97,"href":"https:\/\/mnkseguroscr.com\/mnk-new\/wp-json\/wp\/v2\/pages\/3758\/revisions"}],"predecessor-version":[{"id":21996,"href":"https:\/\/mnkseguroscr.com\/mnk-new\/wp-json\/wp\/v2\/pages\/3758\/revisions\/21996"}],"wp:attachment":[{"href":"https:\/\/mnkseguroscr.com\/mnk-new\/wp-json\/wp\/v2\/media?parent=3758"}],"curies":[{"name":"wp","href":"https:\/\/api.w.org\/{rel}","templated":true}]}}