{"id":3855,"date":"2025-11-07T14:12:17","date_gmt":"2025-11-07T14:12:17","guid":{"rendered":"http:\/\/mnkseguroscr.com\/mnk-new\/?page_id=3855"},"modified":"2026-04-08T21:15:14","modified_gmt":"2026-04-08T21:15:14","slug":"sobre-nosotros","status":"publish","type":"page","link":"https:\/\/mnkseguroscr.com\/mnk-new\/sobre-nosotros\/","title":{"rendered":"Sobre nosotros"},"content":{"rendered":"\t\t<div data-elementor-type=\"wp-page\" data-elementor-id=\"3855\" class=\"elementor elementor-3855\" wpc-filter-elementor-widget=\"1\">\n\t\t\t\t\t\t<section class=\"elementor-section elementor-top-section elementor-element elementor-element-789422a elementor-section-boxed elementor-section-height-default elementor-section-height-default\" data-id=\"789422a\" data-element_type=\"section\" data-e-type=\"section\" data-settings=\"{&quot;background_background&quot;:&quot;classic&quot;}\">\n\t\t\t\t\t\t<div class=\"elementor-container elementor-column-gap-no\">\n\t\t\t\t\t<div class=\"elementor-column elementor-col-100 elementor-top-column elementor-element elementor-element-3a202dd\" data-id=\"3a202dd\" data-element_type=\"column\" data-e-type=\"column\">\n\t\t\t<div class=\"elementor-widget-wrap elementor-element-populated\">\n\t\t\t\t\t\t<div class=\"elementor-element elementor-element-cdaee74 elementor-widget__width-initial elementor-widget elementor-widget-services_noxiy\" data-id=\"cdaee74\" data-element_type=\"widget\" data-e-type=\"widget\" data-widget_type=\"services_noxiy.default\">\n\t\t\t\t<div class=\"elementor-widget-container\">\n\t\t\t\t\t\n        \n                    <div class=\"services__one-item m-0\">\n                <div class=\"services__one-item-image\">\n                    <img decoding=\"async\" src=\"https:\/\/mnkseguroscr.com\/mnk-new\/wp-content\/uploads\/2026\/02\/serious-businesspeople-working-project-desk-office.webp\" alt=\"No alt text\" \/>                <\/div>\n                <div class=\"services__one-item-content\">\n                    <div class=\"services__one-item-content-icon\">\n                        <i class=\"fas fa-user-tie\"><\/i>\n                    <\/div>\n                    <h4><a href=\"http:\/\/mnkseguroscr.com\/mnk-new\/team-03\/\">Junta directiva y alta gerencia<\/a>\n                    <\/h4>\n                    <p>\n                        <br \/>\nDescubr\u00ed a las personas que lideran nuestra organizaci\u00f3n, impulsando el crecimiento y la innovaci\u00f3n en el sector asegurador.<br \/>\n<br \/>\n                    <\/p>\n                    <a href=\"http:\/\/mnkseguroscr.com\/mnk-new\/team-03\/\">\n                        <p>\n                            Descubrilos aqu\u00ed                        <\/p><i class=\"fas fa-long-arrow-right\"><\/i>\n                    <\/a>\n                <\/div>\n            <\/div>\n        \n\n        \n        \n        \t\t\t\t<\/div>\n\t\t\t\t<\/div>\n\t\t\t\t<div class=\"elementor-element elementor-element-6fb5d95 elementor-widget__width-initial elementor-widget elementor-widget-services_noxiy\" data-id=\"6fb5d95\" data-element_type=\"widget\" data-e-type=\"widget\" data-widget_type=\"services_noxiy.default\">\n\t\t\t\t<div class=\"elementor-widget-container\">\n\t\t\t\t\t\n        \n                    <div class=\"services__one-item m-0\">\n                <div class=\"services__one-item-image\">\n                    <img decoding=\"async\" src=\"https:\/\/mnkseguroscr.com\/mnk-new\/wp-content\/uploads\/2026\/02\/startup-team-doing-planning-session-office-lease-agreement-1.webp\" alt=\"No alt text\" \/>                <\/div>\n                <div class=\"services__one-item-content\">\n                    <div class=\"services__one-item-content-icon\">\n                        <i class=\"flaticon flaticon-question-mark\"><\/i>\n                    <\/div>\n                    <h4><a href=\"http:\/\/mnkseguroscr.com\/mnk-new\/quienes-somos\/\">\u00bfQui\u00e9nes somos?<\/a>\n                    <\/h4>\n                    <p>\n                        <br \/>\nConoc\u00e9 nuestra historia, los valores que nos motivan y el prop\u00f3sito que gu\u00eda nuestras acciones en la organizaci\u00f3n.<br \/>\n<br \/>\n                    <\/p>\n                    <a href=\"http:\/\/mnkseguroscr.com\/mnk-new\/quienes-somos\/\">\n                        <p>\n                            Ingresando aqu\u00ed                        <\/p><i class=\"fas fa-long-arrow-right\"><\/i>\n                    <\/a>\n                <\/div>\n            <\/div>\n        \n\n        \n        \n        \t\t\t\t<\/div>\n\t\t\t\t<\/div>\n\t\t\t\t<div class=\"elementor-element elementor-element-a98d808 elementor-widget__width-initial elementor-widget elementor-widget-services_noxiy\" data-id=\"a98d808\" data-element_type=\"widget\" data-e-type=\"widget\" data-widget_type=\"services_noxiy.default\">\n\t\t\t\t<div class=\"elementor-widget-container\">\n\t\t\t\t\t\n        \n                    <div class=\"services__one-item m-0\">\n                <div class=\"services__one-item-image\">\n                    <img decoding=\"async\" src=\"https:\/\/mnkseguroscr.com\/mnk-new\/wp-content\/uploads\/2026\/02\/concentrated-partners-using-laptop-working-with-documents-confident-serious-businesspeople-office-suits-discussing-company-project-together-mana.webp\" alt=\"No alt text\" \/>                <\/div>\n                <div class=\"services__one-item-content\">\n                    <div class=\"services__one-item-content-icon\">\n                        <i class=\"fas fa-user-check\"><\/i>\n                    <\/div>\n                    <h4><a href=\"http:\/\/mnkseguroscr.com\/mnk-new\/comites\/\">Comit\u00e9s<\/a>\n                    <\/h4>\n                    <p>\n                        <br \/>\nNuestros comit\u00e9s aseguran que nuestras decisiones sigan los m\u00e1s altos est\u00e1ndares de calidad, transparencia y responsabilidad.<br \/>\n<br \/>\n                    <\/p>\n                    <a href=\"http:\/\/mnkseguroscr.com\/mnk-new\/comites\/\">\n                        <p>\n                            Conocelos aqu\u00ed                        <\/p><i class=\"fas fa-long-arrow-right\"><\/i>\n                    <\/a>\n                <\/div>\n            <\/div>\n        \n\n        \n        \n        \t\t\t\t<\/div>\n\t\t\t\t<\/div>\n\t\t\t\t<div class=\"elementor-element elementor-element-4375606 elementor-widget__width-initial elementor-widget elementor-widget-services_noxiy\" data-id=\"4375606\" data-element_type=\"widget\" data-e-type=\"widget\" data-widget_type=\"services_noxiy.default\">\n\t\t\t\t<div class=\"elementor-widget-container\">\n\t\t\t\t\t\n        \n                    <div class=\"services__one-item m-0\">\n                <div class=\"services__one-item-image\">\n                    <img decoding=\"async\" src=\"https:\/\/mnkseguroscr.com\/mnk-new\/wp-content\/uploads\/2026\/02\/coworkers-looking-computer-talking-about-work-office.webp\" alt=\"No alt text\" \/>                <\/div>\n                <div class=\"services__one-item-content\">\n                    <div class=\"services__one-item-content-icon\">\n                        <i class=\"fas fa-balance-scale\"><\/i>\n                    <\/div>\n                    <h4><a href=\"http:\/\/mnkseguroscr.com\/mnk-new\/gobierno-corporativo\/\">Gobierno Corporativo<\/a>\n                    <\/h4>\n                    <p>\n                        <br \/>\nEste C\u00f3digo es obligatorio para todos los funcionarios de MNK Seguros, independientemente de su nivel en la organizaci\u00f3n.<br \/>\n<br \/>\n                    <\/p>\n                    <a href=\"http:\/\/mnkseguroscr.com\/mnk-new\/gobierno-corporativo\/\">\n                        <p>\n                            Ver m\u00e1s                        <\/p><i class=\"fas fa-long-arrow-right\"><\/i>\n                    <\/a>\n                <\/div>\n            <\/div>\n        \n\n        \n        \n        \t\t\t\t<\/div>\n\t\t\t\t<\/div>\n\t\t\t\t\t<\/div>\n\t\t<\/div>\n\t\t\t\t\t<\/div>\n\t\t<\/section>\n\t\t<div class=\"elementor-element elementor-element-4b268e0 e-flex e-con-boxed e-con e-parent\" data-id=\"4b268e0\" data-element_type=\"container\" data-e-type=\"container\">\n\t\t\t\t\t<div class=\"e-con-inner\">\n\t\t<div class=\"elementor-element elementor-element-b915af1 e-con-full e-flex e-con e-child\" data-id=\"b915af1\" data-element_type=\"container\" data-e-type=\"container\">\n\t\t\t\t<div class=\"elementor-element elementor-element-19f5149 elementor-widget elementor-widget-image\" data-id=\"19f5149\" data-element_type=\"widget\" data-e-type=\"widget\" data-widget_type=\"image.default\">\n\t\t\t\t<div class=\"elementor-widget-container\">\n\t\t\t\t\t\t\t\t\t\t\t\t\t\t\t<img fetchpriority=\"high\" decoding=\"async\" width=\"680\" height=\"800\" src=\"https:\/\/mnkseguroscr.com\/mnk-new\/wp-content\/uploads\/2023\/07\/team-7-1.jpg\" class=\"attachment-large size-large wp-image-927\" alt=\"\" \/>\t\t\t\t\t\t\t\t\t\t\t\t\t\t\t<\/div>\n\t\t\t\t<\/div>\n\t\t\t\t<\/div>\n\t\t<div class=\"elementor-element elementor-element-072e0fe e-con-full e-flex e-con e-child\" data-id=\"072e0fe\" data-element_type=\"container\" data-e-type=\"container\">\n\t\t\t\t<div class=\"elementor-element elementor-element-3f07c1f elementor-widget elementor-widget-heading\" data-id=\"3f07c1f\" data-element_type=\"widget\" data-e-type=\"widget\" data-widget_type=\"heading.default\">\n\t\t\t\t<div class=\"elementor-widget-container\">\n\t\t\t\t\t<h2 class=\"elementor-heading-title elementor-size-default\">Conoc\u00e9 nuestra secci\u00f3n de Transparencia<\/h2>\t\t\t\t<\/div>\n\t\t\t\t<\/div>\n\t\t\t\t<div class=\"elementor-element elementor-element-48faec4 premium-lq__none elementor-widget elementor-widget-premium-addon-button\" data-id=\"48faec4\" data-element_type=\"widget\" data-e-type=\"widget\" data-widget_type=\"premium-addon-button.default\">\n\t\t\t\t<div class=\"elementor-widget-container\">\n\t\t\t\t\t\n\n\t\t<a class=\"premium-button premium-button-style1 premium-btn-lg premium-button-style1-bottom\" href=\"\/mnk-new\/transparencia\/\">\n\t\t\t<div class=\"premium-button-text-icon-wrapper\">\n\t\t\t\t\n\t\t\t\t\t\t\t\t\t<span >\n\t\t\t\t\t\tVer m\u00e1s\t\t\t\t\t<\/span>\n\t\t\t\t\t\t\t<\/div>\n\n\t\t\t\n\t\t\t\n\t\t\t\n\t\t<\/a>\n\n\n\t\t\t\t\t\t<\/div>\n\t\t\t\t<\/div>\n\t\t\t\t<\/div>\n\t\t\t\t\t<\/div>\n\t\t\t\t<\/div>\n\t\t\t\t<\/div>\n\t\t","protected":false},"excerpt":{"rendered":"<p>Junta directiva y alta gerencia Descubr\u00ed a las personas que lideran nuestra organizaci\u00f3n, impulsando el crecimiento y la innovaci\u00f3n en el sector asegurador. Descubrilos aqu\u00ed \u00bfQui\u00e9nes somos? Conoc\u00e9 nuestra historia, los valores que nos motivan y el prop\u00f3sito que gu\u00eda nuestras acciones en la organizaci\u00f3n. Ingresando aqu\u00ed Comit\u00e9s Nuestros comit\u00e9s aseguran que nuestras decisiones sigan [&hellip;]<\/p>\n","protected":false},"author":3,"featured_media":0,"parent":0,"menu_order":0,"comment_status":"closed","ping_status":"closed","template":"page-builder.php","meta":{"_acf_changed":false,"inline_featured_image":false,"footnotes":""},"class_list":["post-3855","page","type-page","status-publish","hentry"],"acf":[],"aioseo_notices":[],"_links":{"self":[{"href":"https:\/\/mnkseguroscr.com\/mnk-new\/wp-json\/wp\/v2\/pages\/3855","targetHints":{"allow":["GET"]}}],"collection":[{"href":"https:\/\/mnkseguroscr.com\/mnk-new\/wp-json\/wp\/v2\/pages"}],"about":[{"href":"https:\/\/mnkseguroscr.com\/mnk-new\/wp-json\/wp\/v2\/types\/page"}],"author":[{"embeddable":true,"href":"https:\/\/mnkseguroscr.com\/mnk-new\/wp-json\/wp\/v2\/users\/3"}],"replies":[{"embeddable":true,"href":"https:\/\/mnkseguroscr.com\/mnk-new\/wp-json\/wp\/v2\/comments?post=3855"}],"version-history":[{"count":138,"href":"https:\/\/mnkseguroscr.com\/mnk-new\/wp-json\/wp\/v2\/pages\/3855\/revisions"}],"predecessor-version":[{"id":21487,"href":"https:\/\/mnkseguroscr.com\/mnk-new\/wp-json\/wp\/v2\/pages\/3855\/revisions\/21487"}],"wp:attachment":[{"href":"https:\/\/mnkseguroscr.com\/mnk-new\/wp-json\/wp\/v2\/media?parent=3855"}],"curies":[{"name":"wp","href":"https:\/\/api.w.org\/{rel}","templated":true}]}}