{"id":3906,"date":"2025-11-07T15:14:34","date_gmt":"2025-11-07T15:14:34","guid":{"rendered":"http:\/\/mnkseguroscr.com\/mnk-new\/?page_id=3906"},"modified":"2026-04-08T21:18:21","modified_gmt":"2026-04-08T21:18:21","slug":"transparencia","status":"publish","type":"page","link":"https:\/\/mnkseguroscr.com\/mnk-new\/transparencia\/","title":{"rendered":"Transparencia"},"content":{"rendered":"\t\t<div data-elementor-type=\"wp-page\" data-elementor-id=\"3906\" class=\"elementor elementor-3906\" wpc-filter-elementor-widget=\"1\">\n\t\t\t\t\t\t<section class=\"elementor-section elementor-top-section elementor-element elementor-element-789422a elementor-section-boxed elementor-section-height-default elementor-section-height-default\" data-id=\"789422a\" data-element_type=\"section\" data-e-type=\"section\" data-settings=\"{&quot;background_background&quot;:&quot;classic&quot;}\">\n\t\t\t\t\t\t<div class=\"elementor-container elementor-column-gap-no\">\n\t\t\t\t\t<div class=\"elementor-column elementor-col-100 elementor-top-column elementor-element elementor-element-3a202dd\" data-id=\"3a202dd\" data-element_type=\"column\" data-e-type=\"column\">\n\t\t\t<div class=\"elementor-widget-wrap elementor-element-populated\">\n\t\t\t\t\t\t<div class=\"elementor-element elementor-element-6fb5d95 elementor-widget__width-initial elementor-widget elementor-widget-services_noxiy\" data-id=\"6fb5d95\" data-element_type=\"widget\" data-e-type=\"widget\" data-widget_type=\"services_noxiy.default\">\n\t\t\t\t<div class=\"elementor-widget-container\">\n\t\t\t\t\t\n        \n                    <div class=\"services__one-item m-0\">\n                <div class=\"services__one-item-image\">\n                    <img decoding=\"async\" src=\"https:\/\/mnkseguroscr.com\/mnk-new\/wp-content\/uploads\/2026\/02\/business-team-discussing-information-touchpad.webp\" alt=\"No alt text\" \/>                <\/div>\n                <div class=\"services__one-item-content\">\n                    <div class=\"services__one-item-content-icon\">\n                        <i class=\"fas fa-book-open\"><\/i>\n                    <\/div>\n                    <h4><a href=\"http:\/\/mnkseguroscr.com\/mnk-new\/contact-02\/\">Informaci\u00f3n previa sobre la compa\u00f1\u00eda<\/a>\n                    <\/h4>\n                    <p>\n                        <br \/>\nSomos transparentes con nuestros asegurados, intermediarios y el sector, conoc\u00e9 aspectos importantes de nuestra organizaci\u00f3n.<br \/>\n<br \/>\n                    <\/p>\n                    <a href=\"http:\/\/mnkseguroscr.com\/mnk-new\/contact-02\/\">\n                        <p>\n                            Ver m\u00e1s                        <\/p><i class=\"fas fa-long-arrow-right\"><\/i>\n                    <\/a>\n                <\/div>\n            <\/div>\n        \n\n        \n        \n        \t\t\t\t<\/div>\n\t\t\t\t<\/div>\n\t\t\t\t<div class=\"elementor-element elementor-element-cdaee74 elementor-widget__width-initial elementor-widget elementor-widget-services_noxiy\" data-id=\"cdaee74\" data-element_type=\"widget\" data-e-type=\"widget\" data-widget_type=\"services_noxiy.default\">\n\t\t\t\t<div class=\"elementor-widget-container\">\n\t\t\t\t\t\n        \n                    <div class=\"services__one-item m-0\">\n                <div class=\"services__one-item-image\">\n                    <img decoding=\"async\" src=\"https:\/\/mnkseguroscr.com\/mnk-new\/wp-content\/uploads\/2026\/02\/earnings-funds-quotes-hand-profits-accountant.webp\" alt=\"No alt text\" \/>                <\/div>\n                <div class=\"services__one-item-content\">\n                    <div class=\"services__one-item-content-icon\">\n                        <i class=\"far fa-money-bill-alt\"><\/i>\n                    <\/div>\n                    <h4><a href=\"http:\/\/mnkseguroscr.com\/mnk-new\/informacion-financiera\/\">Informaci\u00f3n financiera<\/a>\n                    <\/h4>\n                    <p>\n                        <br \/>\nConoc\u00e9 nuestros \u00edndices de suficiencia de capital y los estados financieros correspondientes a los \u00faltimos periodos.<br \/>\n<br \/>\n<br \/>\n<br \/>\n                    <\/p>\n                    <a href=\"http:\/\/mnkseguroscr.com\/mnk-new\/informacion-financiera\/\">\n                        <p>\n                            Ver m\u00e1s                        <\/p><i class=\"fas fa-long-arrow-right\"><\/i>\n                    <\/a>\n                <\/div>\n            <\/div>\n        \n\n        \n        \n        \t\t\t\t<\/div>\n\t\t\t\t<\/div>\n\t\t\t\t<div class=\"elementor-element elementor-element-a98d808 elementor-widget__width-initial elementor-widget elementor-widget-services_noxiy\" data-id=\"a98d808\" data-element_type=\"widget\" data-e-type=\"widget\" data-widget_type=\"services_noxiy.default\">\n\t\t\t\t<div class=\"elementor-widget-container\">\n\t\t\t\t\t\n        \n                    <div class=\"services__one-item m-0\">\n                <div class=\"services__one-item-image\">\n                    <img decoding=\"async\" src=\"https:\/\/mnkseguroscr.com\/mnk-new\/wp-content\/uploads\/2026\/02\/close-up-man-pointing-chart.webp\" alt=\"No alt text\" \/>                <\/div>\n                <div class=\"services__one-item-content\">\n                    <div class=\"services__one-item-content-icon\">\n                        <i class=\"fas fa-user-check\"><\/i>\n                    <\/div>\n                    <h4><a href=\"http:\/\/mnkseguroscr.com\/mnk-new\/calificacion-de-riesgo\/\">Calificaci\u00f3n de riesgo<\/a>\n                    <\/h4>\n                    <p>\n                        <br \/>\nConoc\u00e9 nuestro historial completo de calificaci\u00f3n de riesgo y la positiva evoluci\u00f3n que hemos tenido en el tiempo.<br \/>\n<br \/>\n<br \/>\n<br \/>\n                    <\/p>\n                    <a href=\"http:\/\/mnkseguroscr.com\/mnk-new\/calificacion-de-riesgo\/\">\n                        <p>\n                            Ver m\u00e1s                        <\/p><i class=\"fas fa-long-arrow-right\"><\/i>\n                    <\/a>\n                <\/div>\n            <\/div>\n        \n\n        \n        \n        \t\t\t\t<\/div>\n\t\t\t\t<\/div>\n\t\t\t\t<div class=\"elementor-element elementor-element-4375606 elementor-widget__width-initial elementor-widget elementor-widget-services_noxiy\" data-id=\"4375606\" data-element_type=\"widget\" data-e-type=\"widget\" data-widget_type=\"services_noxiy.default\">\n\t\t\t\t<div class=\"elementor-widget-container\">\n\t\t\t\t\t\n        \n                    <div class=\"services__one-item m-0\">\n                <div class=\"services__one-item-image\">\n                    <img decoding=\"async\" src=\"https:\/\/mnkseguroscr.com\/mnk-new\/wp-content\/uploads\/2026\/02\/person-paying-with-nfc-technology-restaurant.webp\" alt=\"No alt text\" \/>                <\/div>\n                <div class=\"services__one-item-content\">\n                    <div class=\"services__one-item-content-icon\">\n                        <i class=\"fas fa-hammer\"><\/i>\n                    <\/div>\n                    <h4><a href=\"http:\/\/mnkseguroscr.com\/mnk-new\/defensa-del-consumidor\/\">Defensa del consumidor<\/a>\n                    <\/h4>\n                    <p>\n                        <br \/>\nInf\u00f3rmate bien sobre el proceso completo que deb\u00e9s seguir en caso de presentar alguna inconformidad o reclamo.<br \/>\n<br \/>\n                    <\/p>\n                    <a href=\"http:\/\/mnkseguroscr.com\/mnk-new\/defensa-del-consumidor\/\">\n                        <p>\n                            Ver m\u00e1s                        <\/p><i class=\"fas fa-long-arrow-right\"><\/i>\n                    <\/a>\n                <\/div>\n            <\/div>\n        \n\n        \n        \n        \t\t\t\t<\/div>\n\t\t\t\t<\/div>\n\t\t\t\t<div class=\"elementor-element elementor-element-3a79408 elementor-widget__width-initial elementor-widget elementor-widget-services_noxiy\" data-id=\"3a79408\" data-element_type=\"widget\" data-e-type=\"widget\" data-widget_type=\"services_noxiy.default\">\n\t\t\t\t<div class=\"elementor-widget-container\">\n\t\t\t\t\t\n        \n                    <div class=\"services__one-item m-0\">\n                <div class=\"services__one-item-image\">\n                    <img decoding=\"async\" src=\"https:\/\/mnkseguroscr.com\/mnk-new\/wp-content\/uploads\/2026\/02\/successful-happy-business-team.webp\" alt=\"No alt text\" \/>                <\/div>\n                <div class=\"services__one-item-content\">\n                    <div class=\"services__one-item-content-icon\">\n                        <i class=\"flaticon flaticon-costumer\"><\/i>\n                    <\/div>\n                    <h4><a href=\"https:\/\/mnkseguroscr.com\/mnk-new\/hechos-relevantes\/\">Hecho relevantes<\/a>\n                    <\/h4>\n                    <p>\n                        <br \/>\nSomos transparentes con asegurados, intermediarios y el sector, compartiendo aspectos clave de nuestra organizaci\u00f3n.<br \/>\n<br \/>\n                    <\/p>\n                    <a href=\"https:\/\/mnkseguroscr.com\/mnk-new\/hechos-relevantes\/\">\n                        <p>\n                            Ver m\u00e1s                        <\/p><i class=\"fas fa-long-arrow-right\"><\/i>\n                    <\/a>\n                <\/div>\n            <\/div>\n        \n\n        \n        \n        \t\t\t\t<\/div>\n\t\t\t\t<\/div>\n\t\t\t\t\t<\/div>\n\t\t<\/div>\n\t\t\t\t\t<\/div>\n\t\t<\/section>\n\t\t<div class=\"elementor-element elementor-element-4b268e0 e-flex e-con-boxed e-con e-parent\" data-id=\"4b268e0\" data-element_type=\"container\" data-e-type=\"container\">\n\t\t\t\t\t<div class=\"e-con-inner\">\n\t\t<div class=\"elementor-element elementor-element-b915af1 e-con-full e-flex e-con e-child\" data-id=\"b915af1\" data-element_type=\"container\" data-e-type=\"container\">\n\t\t\t\t<div class=\"elementor-element elementor-element-19f5149 elementor-widget elementor-widget-image\" data-id=\"19f5149\" data-element_type=\"widget\" data-e-type=\"widget\" data-widget_type=\"image.default\">\n\t\t\t\t<div class=\"elementor-widget-container\">\n\t\t\t\t\t\t\t\t\t\t\t\t\t\t\t<img fetchpriority=\"high\" decoding=\"async\" width=\"680\" height=\"800\" src=\"https:\/\/mnkseguroscr.com\/mnk-new\/wp-content\/uploads\/2023\/07\/team-8-1.jpg\" class=\"attachment-large size-large wp-image-928\" alt=\"\" \/>\t\t\t\t\t\t\t\t\t\t\t\t\t\t\t<\/div>\n\t\t\t\t<\/div>\n\t\t\t\t<\/div>\n\t\t<div class=\"elementor-element elementor-element-6c3447a e-con-full e-flex e-con e-child\" data-id=\"6c3447a\" data-element_type=\"container\" data-e-type=\"container\">\n\t\t\t\t<div class=\"elementor-element elementor-element-926c454 elementor-widget elementor-widget-heading\" data-id=\"926c454\" data-element_type=\"widget\" data-e-type=\"widget\" data-widget_type=\"heading.default\">\n\t\t\t\t<div class=\"elementor-widget-container\">\n\t\t\t\t\t<h2 class=\"elementor-heading-title elementor-size-default\">Descubr\u00ed m\u00e1s sobre nosotros<\/h2>\t\t\t\t<\/div>\n\t\t\t\t<\/div>\n\t\t\t\t<div class=\"elementor-element elementor-element-522621d premium-lq__none elementor-widget elementor-widget-premium-addon-button\" data-id=\"522621d\" data-element_type=\"widget\" data-e-type=\"widget\" data-widget_type=\"premium-addon-button.default\">\n\t\t\t\t<div class=\"elementor-widget-container\">\n\t\t\t\t\t\n\n\t\t<a class=\"premium-button premium-button-style1 premium-btn-lg premium-button-style1-bottom\" href=\"\/mnk-new\/transparencia\/\">\n\t\t\t<div class=\"premium-button-text-icon-wrapper\">\n\t\t\t\t\n\t\t\t\t\t\t\t\t\t<span >\n\t\t\t\t\t\tVer m\u00e1s\t\t\t\t\t<\/span>\n\t\t\t\t\t\t\t<\/div>\n\n\t\t\t\n\t\t\t\n\t\t\t\n\t\t<\/a>\n\n\n\t\t\t\t\t\t<\/div>\n\t\t\t\t<\/div>\n\t\t\t\t<\/div>\n\t\t\t\t\t<\/div>\n\t\t\t\t<\/div>\n\t\t\t\t<\/div>\n\t\t","protected":false},"excerpt":{"rendered":"<p>Informaci\u00f3n previa sobre la compa\u00f1\u00eda Somos transparentes con nuestros asegurados, intermediarios y el sector, conoc\u00e9 aspectos importantes de nuestra organizaci\u00f3n. Ver m\u00e1s Informaci\u00f3n financiera Conoc\u00e9 nuestros \u00edndices de suficiencia de capital y los estados financieros correspondientes a los \u00faltimos periodos. Ver m\u00e1s Calificaci\u00f3n de riesgo Conoc\u00e9 nuestro historial completo de calificaci\u00f3n de riesgo y la [&hellip;]<\/p>\n","protected":false},"author":3,"featured_media":0,"parent":0,"menu_order":0,"comment_status":"closed","ping_status":"closed","template":"page-builder.php","meta":{"_acf_changed":false,"inline_featured_image":false,"footnotes":""},"class_list":["post-3906","page","type-page","status-publish","hentry"],"acf":[],"aioseo_notices":[],"_links":{"self":[{"href":"https:\/\/mnkseguroscr.com\/mnk-new\/wp-json\/wp\/v2\/pages\/3906","targetHints":{"allow":["GET"]}}],"collection":[{"href":"https:\/\/mnkseguroscr.com\/mnk-new\/wp-json\/wp\/v2\/pages"}],"about":[{"href":"https:\/\/mnkseguroscr.com\/mnk-new\/wp-json\/wp\/v2\/types\/page"}],"author":[{"embeddable":true,"href":"https:\/\/mnkseguroscr.com\/mnk-new\/wp-json\/wp\/v2\/users\/3"}],"replies":[{"embeddable":true,"href":"https:\/\/mnkseguroscr.com\/mnk-new\/wp-json\/wp\/v2\/comments?post=3906"}],"version-history":[{"count":136,"href":"https:\/\/mnkseguroscr.com\/mnk-new\/wp-json\/wp\/v2\/pages\/3906\/revisions"}],"predecessor-version":[{"id":21490,"href":"https:\/\/mnkseguroscr.com\/mnk-new\/wp-json\/wp\/v2\/pages\/3906\/revisions\/21490"}],"wp:attachment":[{"href":"https:\/\/mnkseguroscr.com\/mnk-new\/wp-json\/wp\/v2\/media?parent=3906"}],"curies":[{"name":"wp","href":"https:\/\/api.w.org\/{rel}","templated":true}]}}