{"id":42,"date":"2023-07-17T14:25:47","date_gmt":"2023-07-17T14:25:47","guid":{"rendered":"http:\/\/noxiy.local\/?page_id=42"},"modified":"2026-04-08T21:22:20","modified_gmt":"2026-04-08T21:22:20","slug":"productos","status":"publish","type":"page","link":"https:\/\/mnkseguroscr.com\/mnk-new\/productos\/","title":{"rendered":"Productos"},"content":{"rendered":"\t\t<div data-elementor-type=\"wp-page\" data-elementor-id=\"42\" class=\"elementor elementor-42\" wpc-filter-elementor-widget=\"1\">\n\t\t\t\t\t\t<section class=\"elementor-section elementor-top-section elementor-element elementor-element-789422a elementor-section-boxed elementor-section-height-default elementor-section-height-default\" data-id=\"789422a\" data-element_type=\"section\" data-e-type=\"section\" data-settings=\"{&quot;background_background&quot;:&quot;classic&quot;}\">\n\t\t\t\t\t\t<div class=\"elementor-container elementor-column-gap-no\">\n\t\t\t\t\t<div class=\"elementor-column elementor-col-100 elementor-top-column elementor-element elementor-element-3a202dd\" data-id=\"3a202dd\" data-element_type=\"column\" data-e-type=\"column\">\n\t\t\t<div class=\"elementor-widget-wrap elementor-element-populated\">\n\t\t\t\t\t\t<div class=\"elementor-element elementor-element-6fb5d95 elementor-widget__width-initial elementor-widget elementor-widget-services_noxiy\" data-id=\"6fb5d95\" data-element_type=\"widget\" data-e-type=\"widget\" data-widget_type=\"services_noxiy.default\">\n\t\t\t\t<div class=\"elementor-widget-container\">\n\t\t\t\t\t\n        \n                    <div class=\"services__one-item m-0\">\n                <div class=\"services__one-item-image\">\n                    <img decoding=\"async\" src=\"https:\/\/mnkseguroscr.com\/mnk-new\/wp-content\/uploads\/2026\/04\/automovil.webp\" alt=\"No alt text\" \/>                <\/div>\n                <div class=\"services__one-item-content\">\n                    <div class=\"services__one-item-content-icon\">\n                        <i class=\"fas fa-car\"><\/i>\n                    <\/div>\n                    <h4><a href=\"http:\/\/mnkseguroscr.com\/mnk-new\/automoviles\/\">Autom\u00f3vil<\/a>\n                    <\/h4>\n                    <p>\n                        <br \/>\nProtege tu veh\u00edculo y pasajeros ante da\u00f1os, robo y accidentes, brindando respaldo econ\u00f3mico y tranquilidad diaria.<br \/>\n<br \/>\n                    <\/p>\n                    <a href=\"http:\/\/mnkseguroscr.com\/mnk-new\/automoviles\/\">\n                        <p>\n                            Conoc\u00e9 m\u00e1s                        <\/p><i class=\"fas fa-long-arrow-right\"><\/i>\n                    <\/a>\n                <\/div>\n            <\/div>\n        \n\n        \n        \n        \t\t\t\t<\/div>\n\t\t\t\t<\/div>\n\t\t\t\t<div class=\"elementor-element elementor-element-cdaee74 elementor-widget__width-initial elementor-widget elementor-widget-services_noxiy\" data-id=\"cdaee74\" data-element_type=\"widget\" data-e-type=\"widget\" data-widget_type=\"services_noxiy.default\">\n\t\t\t\t<div class=\"elementor-widget-container\">\n\t\t\t\t\t\n        \n                    <div class=\"services__one-item m-0\">\n                <div class=\"services__one-item-image\">\n                    <img decoding=\"async\" src=\"https:\/\/mnkseguroscr.com\/mnk-new\/wp-content\/uploads\/2026\/04\/empresas_y_profesionales.webp\" alt=\"No alt text\" \/>                <\/div>\n                <div class=\"services__one-item-content\">\n                    <div class=\"services__one-item-content-icon\">\n                        <i class=\"far fa-building\"><\/i>\n                    <\/div>\n                    <h4><a href=\"http:\/\/mnkseguroscr.com\/mnk-new\/empresas-y-profesionales\/\">Empresas y Profesionales<\/a>\n                    <\/h4>\n                    <p>\n                        <br \/>\nOfrece soluciones de seguros para negocios y profesionales, brindando respaldo, estabilidad y protecci\u00f3n.<br \/>\n<br \/>\n                    <\/p>\n                    <a href=\"http:\/\/mnkseguroscr.com\/mnk-new\/empresas-y-profesionales\/\">\n                        <p>\n                            Conoc\u00e9 m\u00e1s                        <\/p><i class=\"fas fa-long-arrow-right\"><\/i>\n                    <\/a>\n                <\/div>\n            <\/div>\n        \n\n        \n        \n        \t\t\t\t<\/div>\n\t\t\t\t<\/div>\n\t\t\t\t<div class=\"elementor-element elementor-element-a98d808 elementor-widget__width-initial elementor-widget elementor-widget-services_noxiy\" data-id=\"a98d808\" data-element_type=\"widget\" data-e-type=\"widget\" data-widget_type=\"services_noxiy.default\">\n\t\t\t\t<div class=\"elementor-widget-container\">\n\t\t\t\t\t\n        \n                    <div class=\"services__one-item m-0\">\n                <div class=\"services__one-item-image\">\n                    <img decoding=\"async\" src=\"https:\/\/mnkseguroscr.com\/mnk-new\/wp-content\/uploads\/2026\/04\/caucion.webp\" alt=\"No alt text\" \/>                <\/div>\n                <div class=\"services__one-item-content\">\n                    <div class=\"services__one-item-content-icon\">\n                        <i class=\"flaticon flaticon-saving\"><\/i>\n                    <\/div>\n                    <h4><a href=\"http:\/\/mnkseguroscr.com\/mnk-new\/service\/caucion\/\">Cauci\u00f3n<\/a>\n                    <\/h4>\n                    <p>\n                        <br \/>\nGarantiza contratos y obligaciones, ofreciendo respaldo econ\u00f3mico y confianza sin afectar la liquidez de tu empresa.<br \/>\n<br \/>\n                    <\/p>\n                    <a href=\"http:\/\/mnkseguroscr.com\/mnk-new\/service\/caucion\/\">\n                        <p>\n                            Conoc\u00e9 m\u00e1s                        <\/p><i class=\"fas fa-long-arrow-right\"><\/i>\n                    <\/a>\n                <\/div>\n            <\/div>\n        \n\n        \n        \n        \t\t\t\t<\/div>\n\t\t\t\t<\/div>\n\t\t\t\t<div class=\"elementor-element elementor-element-4375606 elementor-widget__width-initial elementor-widget elementor-widget-services_noxiy\" data-id=\"4375606\" data-element_type=\"widget\" data-e-type=\"widget\" data-widget_type=\"services_noxiy.default\">\n\t\t\t\t<div class=\"elementor-widget-container\">\n\t\t\t\t\t\n        \n                    <div class=\"services__one-item m-0\">\n                <div class=\"services__one-item-image\">\n                    <img decoding=\"async\" src=\"https:\/\/mnkseguroscr.com\/mnk-new\/wp-content\/uploads\/2026\/04\/proteccion_integral_familiar.webp\" alt=\"No alt text\" \/>                <\/div>\n                <div class=\"services__one-item-content\">\n                    <div class=\"services__one-item-content-icon\">\n                        <i class=\"flaticon flaticon-family\"><\/i>\n                    <\/div>\n                    <h4><a href=\"https:\/\/mnkseguroscr.com\/mnk-new\/hogar-y-familia\/\">Hogar y familia<\/a>\n                    <\/h4>\n                    <p>\n                        <br \/>\n<br \/>\nCuida tu hogar y familia ante da\u00f1os, accidentes o p\u00e9rdidas, brindando apoyo, seguridad y estabilidad constante.<br \/>\n<br \/>\n                    <\/p>\n                    <a href=\"https:\/\/mnkseguroscr.com\/mnk-new\/hogar-y-familia\/\">\n                        <p>\n                            Conoc\u00e9 m\u00e1s                        <\/p><i class=\"fas fa-long-arrow-right\"><\/i>\n                    <\/a>\n                <\/div>\n            <\/div>\n        \n\n        \n        \n        \t\t\t\t<\/div>\n\t\t\t\t<\/div>\n\t\t\t\t\t<\/div>\n\t\t<\/div>\n\t\t\t\t\t<\/div>\n\t\t<\/section>\n\t\t\t\t<\/div>\n\t\t","protected":false},"excerpt":{"rendered":"<p>Autom\u00f3vil Protege tu veh\u00edculo y pasajeros ante da\u00f1os, robo y accidentes, brindando respaldo econ\u00f3mico y tranquilidad diaria. Conoc\u00e9 m\u00e1s Empresas y Profesionales Ofrece soluciones de seguros para negocios y profesionales, brindando respaldo, estabilidad y protecci\u00f3n. Conoc\u00e9 m\u00e1s Cauci\u00f3n Garantiza contratos y obligaciones, ofreciendo respaldo econ\u00f3mico y confianza sin afectar la liquidez de tu empresa. Conoc\u00e9 [&hellip;]<\/p>\n","protected":false},"author":2,"featured_media":0,"parent":0,"menu_order":0,"comment_status":"closed","ping_status":"closed","template":"page-builder.php","meta":{"_acf_changed":false,"inline_featured_image":false,"footnotes":""},"class_list":["post-42","page","type-page","status-publish","hentry"],"acf":[],"aioseo_notices":[],"_links":{"self":[{"href":"https:\/\/mnkseguroscr.com\/mnk-new\/wp-json\/wp\/v2\/pages\/42","targetHints":{"allow":["GET"]}}],"collection":[{"href":"https:\/\/mnkseguroscr.com\/mnk-new\/wp-json\/wp\/v2\/pages"}],"about":[{"href":"https:\/\/mnkseguroscr.com\/mnk-new\/wp-json\/wp\/v2\/types\/page"}],"author":[{"embeddable":true,"href":"https:\/\/mnkseguroscr.com\/mnk-new\/wp-json\/wp\/v2\/users\/2"}],"replies":[{"embeddable":true,"href":"https:\/\/mnkseguroscr.com\/mnk-new\/wp-json\/wp\/v2\/comments?post=42"}],"version-history":[{"count":203,"href":"https:\/\/mnkseguroscr.com\/mnk-new\/wp-json\/wp\/v2\/pages\/42\/revisions"}],"predecessor-version":[{"id":21493,"href":"https:\/\/mnkseguroscr.com\/mnk-new\/wp-json\/wp\/v2\/pages\/42\/revisions\/21493"}],"wp:attachment":[{"href":"https:\/\/mnkseguroscr.com\/mnk-new\/wp-json\/wp\/v2\/media?parent=42"}],"curies":[{"name":"wp","href":"https:\/\/api.w.org\/{rel}","templated":true}]}}