{"id":4260,"date":"2025-11-07T20:39:22","date_gmt":"2025-11-07T20:39:22","guid":{"rendered":"http:\/\/mnkseguroscr.com\/mnk-new\/?page_id=4260"},"modified":"2026-04-06T20:38:42","modified_gmt":"2026-04-06T20:38:42","slug":"comites","status":"publish","type":"page","link":"https:\/\/mnkseguroscr.com\/mnk-new\/comites\/","title":{"rendered":"Comit\u00e9s"},"content":{"rendered":"\t\t<div data-elementor-type=\"wp-page\" data-elementor-id=\"4260\" class=\"elementor elementor-4260\" wpc-filter-elementor-widget=\"1\">\n\t\t\t\t<div class=\"elementor-element elementor-element-29e5f71 e-flex e-con-boxed e-con e-parent\" data-id=\"29e5f71\" data-element_type=\"container\" data-e-type=\"container\">\n\t\t\t\t\t<div class=\"e-con-inner\">\n\t\t\t\t<div class=\"elementor-element elementor-element-abb130a elementor-widget elementor-widget-heading\" data-id=\"abb130a\" data-element_type=\"widget\" data-e-type=\"widget\" data-widget_type=\"heading.default\">\n\t\t\t\t<div class=\"elementor-widget-container\">\n\t\t\t\t\t<h2 class=\"elementor-heading-title elementor-size-default\">Comit\u00e9 de Cumplimiento<\/h2>\t\t\t\t<\/div>\n\t\t\t\t<\/div>\n\t\t\t\t\t<\/div>\n\t\t\t\t<\/div>\n\t\t<div class=\"elementor-element elementor-element-3dfd1da e-flex e-con-boxed e-con e-parent\" data-id=\"3dfd1da\" data-element_type=\"container\" data-e-type=\"container\">\n\t\t\t\t\t<div class=\"e-con-inner\">\n\t\t<div class=\"elementor-element elementor-element-421749f e-con-full e-flex e-con e-child\" data-id=\"421749f\" data-element_type=\"container\" data-e-type=\"container\">\n\t\t\t\t<div class=\"elementor-element elementor-element-54c7025 elementor-widget elementor-widget-text-editor\" data-id=\"54c7025\" data-element_type=\"widget\" data-e-type=\"widget\" data-widget_type=\"text-editor.default\">\n\t\t\t\t<div class=\"elementor-widget-container\">\n\t\t\t\t\t\t\t\t\t<!-- GOOGLE FONT MONTSERRAT -->\n<link href=\"https:\/\/fonts.googleapis.com\/css2?family=Montserrat:wght@500;600&#038;display=swap\" rel=\"stylesheet\">\n\n<style>\n\/* CONTENEDOR PRINCIPAL *\/\n.comite-container{\n  width:100%;\n  max-width:900px;\n  font-family:'Montserrat',sans-serif;\n}\n\n\/* FILA *\/\n.comite-row{\n  display:flex;\n  justify-content:space-between;\n  align-items:center;\n  padding:12px 0;\n  border-bottom:1px solid #e0e0e0;\n  gap:20px;\n}\n\n\/* COLUMNA TITULO *\/\n.comite-label{\n  font-weight:600;\n  color:#000;\n  font-size:16px;\n}\n\n\/* COLUMNA VALOR *\/\n.comite-value{\n  font-weight:500;\n  color:#000;\n  font-size:16px;\n  text-align:right;\n}\n\n\/* MOBILE *\/\n@media (max-width:768px){\n\n  .comite-row{\n    flex-direction:column;\n    align-items:flex-start;\n    gap:4px;\n  }\n\n  .comite-value{\n    text-align:left;\n  }\n\n}\n<\/style>\n\n<div class=\"comite-container\">\n\n  <div class=\"comite-row\">\n    <div class=\"comite-label\">Presidente del comit\u00e9:<\/div>\n    <div class=\"comite-value\">Gabriel Boyd<\/div>\n  <\/div>\n\n  <div class=\"comite-row\">\n    <div class=\"comite-label\">Directora de Operaciones:<\/div>\n    <div class=\"comite-value\">Yesenia Canales<\/div>\n  <\/div>\n\n  <div class=\"comite-row\">\n    <div class=\"comite-label\">Tesorero de junta directiva:<\/div>\n    <div class=\"comite-value\">Amal Omari<\/div>\n  <\/div>\n\n<\/div>\t\t\t\t\t\t\t\t<\/div>\n\t\t\t\t<\/div>\n\t\t\t\t<\/div>\n\t\t<div class=\"elementor-element elementor-element-294cfe7 e-con-full e-flex e-con e-child\" data-id=\"294cfe7\" data-element_type=\"container\" data-e-type=\"container\">\n\t\t\t\t<div class=\"elementor-element elementor-element-912b33d elementor-widget elementor-widget-text-editor\" data-id=\"912b33d\" data-element_type=\"widget\" data-e-type=\"widget\" data-widget_type=\"text-editor.default\">\n\t\t\t\t<div class=\"elementor-widget-container\">\n\t\t\t\t\t\t\t\t\t<style>\n\/* ESTANDARIZACI\u00d3N INFORMACI\u00d3N ORGANIZACIONAL *\/\n.info-organizacion {\n  width: 100%;\n  font-family: 'Montserrat', sans-serif !important;\n  color: #000000 !important;\n  margin-bottom: 30px;\n}\n\n\/* FILA *\/\n.info-organizacion .fila {\n  display: flex;\n  justify-content: space-between;\n  align-items: flex-start;\n  padding: 12px 0;\n  border-bottom: 1px solid #e0e0e0;\n}\n\n\/* ETIQUETA *\/\n.info-organizacion .etiqueta {\n  font-weight: 600 !important;\n  font-size: 15px;\n}\n\n\/* VALOR *\/\n.info-organizacion .valor {\n  font-weight: 500 !important;\n  font-size: 15px;\n  text-align: right;\n}\n\n\/* MOBILE *\/\n@media (max-width: 768px) {\n  .info-organizacion .fila {\n    flex-direction: column;\n    gap: 4px;\n  }\n\n  .info-organizacion .valor {\n    text-align: left;\n  }\n}\n<\/style>\n\n<div class=\"info-organizacion\">\n\n  <div class=\"fila\">\n    <div class=\"etiqueta\">Gerente general:<\/div>\n    <div class=\"valor\">Ram\u00f3n Fern\u00e1ndez Morales<\/div>\n  <\/div>\n\n  <div class=\"fila\">\n    <div class=\"etiqueta\">Oficial de Cumplimiento titular:<\/div>\n    <div class=\"valor\">Angie Valverde<\/div>\n  <\/div>\n\n  <div class=\"fila\">\n    <div class=\"etiqueta\">Oficial de Cumplimiento Adjunto:<\/div>\n    <div class=\"valor\">Iris Montero<\/div>\n  <\/div>\n\n<\/div>\t\t\t\t\t\t\t\t<\/div>\n\t\t\t\t<\/div>\n\t\t\t\t<\/div>\n\t\t\t\t\t<\/div>\n\t\t\t\t<\/div>\n\t\t<div class=\"elementor-element elementor-element-6db3ed0 e-flex e-con-boxed e-con e-parent\" data-id=\"6db3ed0\" data-element_type=\"container\" data-e-type=\"container\">\n\t\t\t\t\t<div class=\"e-con-inner\">\n\t\t\t\t<div class=\"elementor-element elementor-element-82164ca elementor-widget elementor-widget-spacer\" data-id=\"82164ca\" data-element_type=\"widget\" data-e-type=\"widget\" data-widget_type=\"spacer.default\">\n\t\t\t\t<div class=\"elementor-widget-container\">\n\t\t\t\t\t\t\t<div class=\"elementor-spacer\">\n\t\t\t<div class=\"elementor-spacer-inner\"><\/div>\n\t\t<\/div>\n\t\t\t\t\t\t<\/div>\n\t\t\t\t<\/div>\n\t\t\t\t\t<\/div>\n\t\t\t\t<\/div>\n\t\t<div class=\"elementor-element elementor-element-95648ac e-flex e-con-boxed e-con e-parent\" data-id=\"95648ac\" data-element_type=\"container\" data-e-type=\"container\">\n\t\t\t\t\t<div class=\"e-con-inner\">\n\t\t\t\t<div class=\"elementor-element elementor-element-29e9064 elementor-widget elementor-widget-heading\" data-id=\"29e9064\" data-element_type=\"widget\" data-e-type=\"widget\" data-widget_type=\"heading.default\">\n\t\t\t\t<div class=\"elementor-widget-container\">\n\t\t\t\t\t<h2 class=\"elementor-heading-title elementor-size-default\">Comit\u00e9 nominaciones y renumeraciones<\/h2>\t\t\t\t<\/div>\n\t\t\t\t<\/div>\n\t\t\t\t\t<\/div>\n\t\t\t\t<\/div>\n\t\t<div class=\"elementor-element elementor-element-b32997a e-flex e-con-boxed e-con e-parent\" data-id=\"b32997a\" data-element_type=\"container\" data-e-type=\"container\">\n\t\t\t\t\t<div class=\"e-con-inner\">\n\t\t<div class=\"elementor-element elementor-element-c206b95 e-con-full e-flex e-con e-child\" data-id=\"c206b95\" data-element_type=\"container\" data-e-type=\"container\">\n\t\t\t\t<div class=\"elementor-element elementor-element-965033c elementor-widget elementor-widget-text-editor\" data-id=\"965033c\" data-element_type=\"widget\" data-e-type=\"widget\" data-widget_type=\"text-editor.default\">\n\t\t\t\t<div class=\"elementor-widget-container\">\n\t\t\t\t\t\t\t\t\t<div class=\"info-organizacion\">\n\n  <div class=\"fila\">\n    <div class=\"etiqueta\">Presidente del comit\u00e9:<\/div>\n    <div class=\"valor\">Gabriel Boyd<\/div>\n  <\/div>\n\n  <div class=\"fila\">\n    <div class=\"etiqueta\">Gerente de Desarrollo Organizacional:<\/div>\n    <div class=\"valor\">Berny Mej\u00edas<\/div>\n  <\/div>\n\n<\/div>\t\t\t\t\t\t\t\t<\/div>\n\t\t\t\t<\/div>\n\t\t\t\t<\/div>\n\t\t<div class=\"elementor-element elementor-element-1990329 e-con-full e-flex e-con e-child\" data-id=\"1990329\" data-element_type=\"container\" data-e-type=\"container\">\n\t\t\t\t<div class=\"elementor-element elementor-element-55ab9bb elementor-widget elementor-widget-text-editor\" data-id=\"55ab9bb\" data-element_type=\"widget\" data-e-type=\"widget\" data-widget_type=\"text-editor.default\">\n\t\t\t\t<div class=\"elementor-widget-container\">\n\t\t\t\t\t\t\t\t\t<div class=\"info-organizacion\">\n\n  <div class=\"fila\">\n    <div class=\"etiqueta\">Presidente de junta directiva:<\/div>\n    <div class=\"valor\">Ricardo Retana<\/div>\n  <\/div>\n\n  <div class=\"fila\">\n    <div class=\"etiqueta\">Miembro externo:<\/div>\n    <div class=\"valor\">Naman Kumar<\/div>\n  <\/div>\n\n<\/div>\t\t\t\t\t\t\t\t<\/div>\n\t\t\t\t<\/div>\n\t\t\t\t<\/div>\n\t\t\t\t\t<\/div>\n\t\t\t\t<\/div>\n\t\t<div class=\"elementor-element elementor-element-1eac525 e-flex e-con-boxed e-con e-parent\" data-id=\"1eac525\" data-element_type=\"container\" data-e-type=\"container\">\n\t\t\t\t\t<div class=\"e-con-inner\">\n\t\t\t\t<div class=\"elementor-element elementor-element-1089aee elementor-widget elementor-widget-spacer\" data-id=\"1089aee\" data-element_type=\"widget\" data-e-type=\"widget\" data-widget_type=\"spacer.default\">\n\t\t\t\t<div class=\"elementor-widget-container\">\n\t\t\t\t\t\t\t<div class=\"elementor-spacer\">\n\t\t\t<div class=\"elementor-spacer-inner\"><\/div>\n\t\t<\/div>\n\t\t\t\t\t\t<\/div>\n\t\t\t\t<\/div>\n\t\t\t\t\t<\/div>\n\t\t\t\t<\/div>\n\t\t<div class=\"elementor-element elementor-element-ec70b4f e-flex e-con-boxed e-con e-parent\" data-id=\"ec70b4f\" data-element_type=\"container\" data-e-type=\"container\">\n\t\t\t\t\t<div class=\"e-con-inner\">\n\t\t\t\t<div class=\"elementor-element elementor-element-b83c306 elementor-widget elementor-widget-heading\" data-id=\"b83c306\" data-element_type=\"widget\" data-e-type=\"widget\" data-widget_type=\"heading.default\">\n\t\t\t\t<div class=\"elementor-widget-container\">\n\t\t\t\t\t<h2 class=\"elementor-heading-title elementor-size-default\">Comit\u00e9 de Auditor\u00eda<\/h2>\t\t\t\t<\/div>\n\t\t\t\t<\/div>\n\t\t\t\t\t<\/div>\n\t\t\t\t<\/div>\n\t\t<div class=\"elementor-element elementor-element-64dc592 e-flex e-con-boxed e-con e-parent\" data-id=\"64dc592\" data-element_type=\"container\" data-e-type=\"container\">\n\t\t\t\t\t<div class=\"e-con-inner\">\n\t\t<div class=\"elementor-element elementor-element-b3fe8c8 e-con-full e-flex e-con e-child\" data-id=\"b3fe8c8\" data-element_type=\"container\" data-e-type=\"container\">\n\t\t\t\t<div class=\"elementor-element elementor-element-65cbed6 elementor-widget elementor-widget-text-editor\" data-id=\"65cbed6\" data-element_type=\"widget\" data-e-type=\"widget\" data-widget_type=\"text-editor.default\">\n\t\t\t\t<div class=\"elementor-widget-container\">\n\t\t\t\t\t\t\t\t\t<div class=\"info-organizacion\">\n\n  <div class=\"fila\">\n    <div class=\"etiqueta\">Presidente del comit\u00e9:<\/div>\n    <div class=\"valor\">\u00c1lvaro Enrique Sabor\u00edo<\/div>\n  <\/div>\n\n  <div class=\"fila\">\n    <div class=\"etiqueta\">Miembro externo:<\/div>\n    <div class=\"valor\">Salman Hashmi<\/div>\n  <\/div>\n\n<\/div>\t\t\t\t\t\t\t\t<\/div>\n\t\t\t\t<\/div>\n\t\t\t\t<\/div>\n\t\t<div class=\"elementor-element elementor-element-537c150 e-con-full e-flex e-con e-child\" data-id=\"537c150\" data-element_type=\"container\" data-e-type=\"container\">\n\t\t\t\t<div class=\"elementor-element elementor-element-b604a50 elementor-widget elementor-widget-text-editor\" data-id=\"b604a50\" data-element_type=\"widget\" data-e-type=\"widget\" data-widget_type=\"text-editor.default\">\n\t\t\t\t<div class=\"elementor-widget-container\">\n\t\t\t\t\t\t\t\t\t<div class=\"info-organizacion\">\n\n  <div class=\"fila\">\n    <div class=\"etiqueta\">Presidente de junta directiva:<\/div>\n    <div class=\"valor\">Ricardo Retana<\/div>\n  <\/div>\n\n  <div class=\"fila\">\n    <div class=\"etiqueta\">Tesorero de junta directiva:<\/div>\n    <div class=\"valor\">Amal Omari<\/div>\n  <\/div>\n\n<\/div>\t\t\t\t\t\t\t\t<\/div>\n\t\t\t\t<\/div>\n\t\t\t\t<\/div>\n\t\t\t\t\t<\/div>\n\t\t\t\t<\/div>\n\t\t<div class=\"elementor-element elementor-element-faa61c0 e-flex e-con-boxed e-con e-parent\" data-id=\"faa61c0\" data-element_type=\"container\" data-e-type=\"container\">\n\t\t\t\t\t<div class=\"e-con-inner\">\n\t\t\t\t<div class=\"elementor-element elementor-element-137a7cd elementor-widget elementor-widget-spacer\" data-id=\"137a7cd\" data-element_type=\"widget\" data-e-type=\"widget\" data-widget_type=\"spacer.default\">\n\t\t\t\t<div class=\"elementor-widget-container\">\n\t\t\t\t\t\t\t<div class=\"elementor-spacer\">\n\t\t\t<div class=\"elementor-spacer-inner\"><\/div>\n\t\t<\/div>\n\t\t\t\t\t\t<\/div>\n\t\t\t\t<\/div>\n\t\t\t\t\t<\/div>\n\t\t\t\t<\/div>\n\t\t<div class=\"elementor-element elementor-element-e4749f7 e-flex e-con-boxed e-con e-parent\" data-id=\"e4749f7\" data-element_type=\"container\" data-e-type=\"container\">\n\t\t\t\t\t<div class=\"e-con-inner\">\n\t\t\t\t<div class=\"elementor-element elementor-element-9f3c803 elementor-widget elementor-widget-heading\" data-id=\"9f3c803\" data-element_type=\"widget\" data-e-type=\"widget\" data-widget_type=\"heading.default\">\n\t\t\t\t<div class=\"elementor-widget-container\">\n\t\t\t\t\t<h2 class=\"elementor-heading-title elementor-size-default\">Comit\u00e9 de riesgos<\/h2>\t\t\t\t<\/div>\n\t\t\t\t<\/div>\n\t\t\t\t\t<\/div>\n\t\t\t\t<\/div>\n\t\t<div class=\"elementor-element elementor-element-5190a2b e-flex e-con-boxed e-con e-parent\" data-id=\"5190a2b\" data-element_type=\"container\" data-e-type=\"container\">\n\t\t\t\t\t<div class=\"e-con-inner\">\n\t\t<div class=\"elementor-element elementor-element-09de95a e-con-full e-flex e-con e-child\" data-id=\"09de95a\" data-element_type=\"container\" data-e-type=\"container\">\n\t\t\t\t<div class=\"elementor-element elementor-element-9859c58 elementor-widget elementor-widget-text-editor\" data-id=\"9859c58\" data-element_type=\"widget\" data-e-type=\"widget\" data-widget_type=\"text-editor.default\">\n\t\t\t\t<div class=\"elementor-widget-container\">\n\t\t\t\t\t\t\t\t\t<div class=\"info-organizacion\">\n\n  <div class=\"fila\">\n    <div class=\"etiqueta\">Director actuarial y estad\u00edstico:<\/div>\n    <div class=\"valor\">Ricardo Cristancho<\/div>\n  <\/div>\n\n  <div class=\"fila\">\n    <div class=\"etiqueta\">Presidente de junta directiva:<\/div>\n    <div class=\"valor\">Ricardo Retana<\/div>\n  <\/div>\n\n  <div class=\"fila\">\n    <div class=\"etiqueta\">Miembro externo:<\/div>\n    <div class=\"valor\">Achiles Raoul<\/div>\n  <\/div>\n\n<\/div>\t\t\t\t\t\t\t\t<\/div>\n\t\t\t\t<\/div>\n\t\t\t\t<\/div>\n\t\t<div class=\"elementor-element elementor-element-2df6717 e-con-full e-flex e-con e-child\" data-id=\"2df6717\" data-element_type=\"container\" data-e-type=\"container\">\n\t\t\t\t<div class=\"elementor-element elementor-element-ba219e1 elementor-widget elementor-widget-text-editor\" data-id=\"ba219e1\" data-element_type=\"widget\" data-e-type=\"widget\" data-widget_type=\"text-editor.default\">\n\t\t\t\t<div class=\"elementor-widget-container\">\n\t\t\t\t\t\t\t\t\t<div class=\"info-organizacion\">\n\n  <div class=\"fila\">\n    <div class=\"etiqueta\">Tesorero de junta directiva:<\/div>\n    <div class=\"valor\">Amal Omari<\/div>\n  <\/div>\n\n  <div class=\"fila\">\n    <div class=\"etiqueta\">Presidente Comit\u00e9 de Riesgos:<\/div>\n    <div class=\"valor\">Ricardo Loew<\/div>\n  <\/div>\n\n<\/div>\t\t\t\t\t\t\t\t<\/div>\n\t\t\t\t<\/div>\n\t\t\t\t<\/div>\n\t\t\t\t\t<\/div>\n\t\t\t\t<\/div>\n\t\t<div class=\"elementor-element elementor-element-2f1eeb7 e-flex e-con-boxed e-con e-parent\" data-id=\"2f1eeb7\" data-element_type=\"container\" data-e-type=\"container\">\n\t\t\t\t\t<div class=\"e-con-inner\">\n\t\t\t\t<div class=\"elementor-element elementor-element-a46f923 elementor-widget elementor-widget-spacer\" data-id=\"a46f923\" data-element_type=\"widget\" data-e-type=\"widget\" data-widget_type=\"spacer.default\">\n\t\t\t\t<div class=\"elementor-widget-container\">\n\t\t\t\t\t\t\t<div class=\"elementor-spacer\">\n\t\t\t<div class=\"elementor-spacer-inner\"><\/div>\n\t\t<\/div>\n\t\t\t\t\t\t<\/div>\n\t\t\t\t<\/div>\n\t\t\t\t\t<\/div>\n\t\t\t\t<\/div>\n\t\t<div class=\"elementor-element elementor-element-17de1b6 e-flex e-con-boxed e-con e-parent\" data-id=\"17de1b6\" data-element_type=\"container\" data-e-type=\"container\">\n\t\t\t\t\t<div class=\"e-con-inner\">\n\t\t\t\t<div class=\"elementor-element elementor-element-5ff160b elementor-widget elementor-widget-heading\" data-id=\"5ff160b\" data-element_type=\"widget\" data-e-type=\"widget\" data-widget_type=\"heading.default\">\n\t\t\t\t<div class=\"elementor-widget-container\">\n\t\t\t\t\t<h2 class=\"elementor-heading-title elementor-size-default\">Comit\u00e9 de Tecnolog\u00eda<\/h2>\t\t\t\t<\/div>\n\t\t\t\t<\/div>\n\t\t\t\t\t<\/div>\n\t\t\t\t<\/div>\n\t\t<div class=\"elementor-element elementor-element-9edc1f8 e-flex e-con-boxed e-con e-parent\" data-id=\"9edc1f8\" data-element_type=\"container\" data-e-type=\"container\">\n\t\t\t\t\t<div class=\"e-con-inner\">\n\t\t<div class=\"elementor-element elementor-element-f5110bf e-con-full e-flex e-con e-child\" data-id=\"f5110bf\" data-element_type=\"container\" data-e-type=\"container\">\n\t\t\t\t<div class=\"elementor-element elementor-element-82636fd elementor-widget elementor-widget-text-editor\" data-id=\"82636fd\" data-element_type=\"widget\" data-e-type=\"widget\" data-widget_type=\"text-editor.default\">\n\t\t\t\t<div class=\"elementor-widget-container\">\n\t\t\t\t\t\t\t\t\t<div class=\"info-organizacion\">\n\n  <div class=\"fila\">\n    <div class=\"etiqueta\">Presidente del Comit\u00e9 \/ Gerente de TI:<\/div>\n    <div class=\"valor\">Omar Trejo<\/div>\n  <\/div>\n\n  <div class=\"fila\">\n    <div class=\"etiqueta\">Gerente de Proyectos:<\/div>\n    <div class=\"valor\">Kristy Aguilar<\/div>\n  <\/div>\n\n  <div class=\"fila\">\n    <div class=\"etiqueta\">Miembro externo:<\/div>\n    <div class=\"valor\">Naman Kumar<\/div>\n  <\/div>\n\n<\/div>\t\t\t\t\t\t\t\t<\/div>\n\t\t\t\t<\/div>\n\t\t\t\t<\/div>\n\t\t<div class=\"elementor-element elementor-element-be12579 e-con-full e-flex e-con e-child\" data-id=\"be12579\" data-element_type=\"container\" data-e-type=\"container\">\n\t\t\t\t<div class=\"elementor-element elementor-element-97a13f5 elementor-widget elementor-widget-text-editor\" data-id=\"97a13f5\" data-element_type=\"widget\" data-e-type=\"widget\" data-widget_type=\"text-editor.default\">\n\t\t\t\t<div class=\"elementor-widget-container\">\n\t\t\t\t\t\t\t\t\t<div class=\"info-organizacion\">\n\n  <div class=\"fila\">\n    <div class=\"etiqueta\">Director t\u00e9cnico:<\/div>\n    <div class=\"valor\">Ricardo Cristancho<\/div>\n  <\/div>\n\n  <div class=\"fila\">\n    <div class=\"etiqueta\">Gestor de procesos:<\/div>\n    <div class=\"valor\">Marv\u00edn Mar\u00edn<\/div>\n  <\/div>\n\n  <div class=\"fila\">\n    <div class=\"etiqueta\">Directora de Operaciones:<\/div>\n    <div class=\"valor\">Yesenia Canales<\/div>\n  <\/div>\n\n<\/div>\t\t\t\t\t\t\t\t<\/div>\n\t\t\t\t<\/div>\n\t\t\t\t<\/div>\n\t\t\t\t\t<\/div>\n\t\t\t\t<\/div>\n\t\t<div class=\"elementor-element elementor-element-dcd2798 e-flex e-con-boxed e-con e-parent\" data-id=\"dcd2798\" data-element_type=\"container\" data-e-type=\"container\">\n\t\t\t\t\t<div class=\"e-con-inner\">\n\t\t\t\t<div class=\"elementor-element elementor-element-c1d0168 elementor-widget elementor-widget-spacer\" data-id=\"c1d0168\" data-element_type=\"widget\" data-e-type=\"widget\" data-widget_type=\"spacer.default\">\n\t\t\t\t<div class=\"elementor-widget-container\">\n\t\t\t\t\t\t\t<div class=\"elementor-spacer\">\n\t\t\t<div class=\"elementor-spacer-inner\"><\/div>\n\t\t<\/div>\n\t\t\t\t\t\t<\/div>\n\t\t\t\t<\/div>\n\t\t\t\t\t<\/div>\n\t\t\t\t<\/div>\n\t\t<div class=\"elementor-element elementor-element-0c1f7e4 e-flex e-con-boxed e-con e-parent\" data-id=\"0c1f7e4\" data-element_type=\"container\" data-e-type=\"container\">\n\t\t\t\t\t<div class=\"e-con-inner\">\n\t\t\t\t<div class=\"elementor-element elementor-element-4de2fa4 elementor-widget elementor-widget-heading\" data-id=\"4de2fa4\" data-element_type=\"widget\" data-e-type=\"widget\" data-widget_type=\"heading.default\">\n\t\t\t\t<div class=\"elementor-widget-container\">\n\t\t\t\t\t<h2 class=\"elementor-heading-title elementor-size-default\">Comit\u00e9 de inversiones<\/h2>\t\t\t\t<\/div>\n\t\t\t\t<\/div>\n\t\t\t\t\t<\/div>\n\t\t\t\t<\/div>\n\t\t<div class=\"elementor-element elementor-element-11d6f2f e-flex e-con-boxed e-con e-parent\" data-id=\"11d6f2f\" data-element_type=\"container\" data-e-type=\"container\">\n\t\t\t\t\t<div class=\"e-con-inner\">\n\t\t<div class=\"elementor-element elementor-element-1d4de0c e-con-full e-flex e-con e-child\" data-id=\"1d4de0c\" data-element_type=\"container\" data-e-type=\"container\">\n\t\t\t\t<div class=\"elementor-element elementor-element-7843f74 elementor-widget elementor-widget-text-editor\" data-id=\"7843f74\" data-element_type=\"widget\" data-e-type=\"widget\" data-widget_type=\"text-editor.default\">\n\t\t\t\t<div class=\"elementor-widget-container\">\n\t\t\t\t\t\t\t\t\t<div class=\"info-organizacion\">\n\n  <div class=\"fila\">\n    <div class=\"etiqueta\">Presidente del comit\u00e9:<\/div>\n    <div class=\"valor\">Manoj Kumar<\/div>\n  <\/div>\n\n  <div class=\"fila\">\n    <div class=\"etiqueta\">Presidente de junta directiva:<\/div>\n    <div class=\"valor\">Ricardo Retana<\/div>\n  <\/div>\n\n<\/div>\t\t\t\t\t\t\t\t<\/div>\n\t\t\t\t<\/div>\n\t\t\t\t<\/div>\n\t\t<div class=\"elementor-element elementor-element-0487681 e-con-full e-flex e-con e-child\" data-id=\"0487681\" data-element_type=\"container\" data-e-type=\"container\">\n\t\t\t\t<div class=\"elementor-element elementor-element-99ce58e elementor-widget elementor-widget-text-editor\" data-id=\"99ce58e\" data-element_type=\"widget\" data-e-type=\"widget\" data-widget_type=\"text-editor.default\">\n\t\t\t\t<div class=\"elementor-widget-container\">\n\t\t\t\t\t\t\t\t\t<div class=\"info-organizacion\">\n\n  <div class=\"fila\">\n    <div class=\"etiqueta\">Director de junta directiva:<\/div>\n    <div class=\"valor\">Alvaro Sabor\u00edo Legers<\/div>\n  <\/div>\n\n  <div class=\"fila\">\n    <div class=\"etiqueta\">Gerente general:<\/div>\n    <div class=\"valor\">Ram\u00f3n Fern\u00e1ndez Morales<\/div>\n  <\/div>\n\n  <div class=\"fila\">\n    <div class=\"etiqueta\">Miembro externo:<\/div>\n    <div class=\"valor\">Naman Kumar<\/div>\n  <\/div>\n\n  <div class=\"fila\">\n    <div class=\"etiqueta\">Miembro externo:<\/div>\n    <div class=\"valor\">Andrea Sayago<\/div>\n  <\/div>\n\n<\/div>\t\t\t\t\t\t\t\t<\/div>\n\t\t\t\t<\/div>\n\t\t\t\t<\/div>\n\t\t\t\t\t<\/div>\n\t\t\t\t<\/div>\n\t\t<div class=\"elementor-element elementor-element-31fc190 e-flex e-con-boxed e-con e-parent\" data-id=\"31fc190\" data-element_type=\"container\" data-e-type=\"container\">\n\t\t\t\t\t<div class=\"e-con-inner\">\n\t\t\t\t<div class=\"elementor-element elementor-element-8d573af elementor-widget elementor-widget-spacer\" data-id=\"8d573af\" data-element_type=\"widget\" data-e-type=\"widget\" data-widget_type=\"spacer.default\">\n\t\t\t\t<div class=\"elementor-widget-container\">\n\t\t\t\t\t\t\t<div class=\"elementor-spacer\">\n\t\t\t<div class=\"elementor-spacer-inner\"><\/div>\n\t\t<\/div>\n\t\t\t\t\t\t<\/div>\n\t\t\t\t<\/div>\n\t\t\t\t\t<\/div>\n\t\t\t\t<\/div>\n\t\t\t\t<\/div>\n\t\t","protected":false},"excerpt":{"rendered":"<p>Comit\u00e9 de Cumplimiento Presidente del comit\u00e9: Gabriel Boyd Directora de Operaciones: Yesenia Canales Tesorero de junta directiva: Amal Omari Gerente general: Ram\u00f3n Fern\u00e1ndez Morales Oficial de Cumplimiento titular: Angie Valverde Oficial de Cumplimiento Adjunto: Iris Montero Comit\u00e9 nominaciones y renumeraciones Presidente del comit\u00e9: Gabriel Boyd Gerente de Desarrollo Organizacional: Berny Mej\u00edas Presidente de junta directiva: [&hellip;]<\/p>\n","protected":false},"author":3,"featured_media":0,"parent":0,"menu_order":0,"comment_status":"closed","ping_status":"closed","template":"","meta":{"_acf_changed":false,"inline_featured_image":false,"footnotes":""},"class_list":["post-4260","page","type-page","status-publish","hentry"],"acf":[],"aioseo_notices":[],"_links":{"self":[{"href":"https:\/\/mnkseguroscr.com\/mnk-new\/wp-json\/wp\/v2\/pages\/4260","targetHints":{"allow":["GET"]}}],"collection":[{"href":"https:\/\/mnkseguroscr.com\/mnk-new\/wp-json\/wp\/v2\/pages"}],"about":[{"href":"https:\/\/mnkseguroscr.com\/mnk-new\/wp-json\/wp\/v2\/types\/page"}],"author":[{"embeddable":true,"href":"https:\/\/mnkseguroscr.com\/mnk-new\/wp-json\/wp\/v2\/users\/3"}],"replies":[{"embeddable":true,"href":"https:\/\/mnkseguroscr.com\/mnk-new\/wp-json\/wp\/v2\/comments?post=4260"}],"version-history":[{"count":64,"href":"https:\/\/mnkseguroscr.com\/mnk-new\/wp-json\/wp\/v2\/pages\/4260\/revisions"}],"predecessor-version":[{"id":21105,"href":"https:\/\/mnkseguroscr.com\/mnk-new\/wp-json\/wp\/v2\/pages\/4260\/revisions\/21105"}],"wp:attachment":[{"href":"https:\/\/mnkseguroscr.com\/mnk-new\/wp-json\/wp\/v2\/media?parent=4260"}],"curies":[{"name":"wp","href":"https:\/\/api.w.org\/{rel}","templated":true}]}}