{"id":4290,"date":"2025-11-07T21:05:42","date_gmt":"2025-11-07T21:05:42","guid":{"rendered":"http:\/\/mnkseguroscr.com\/mnk-new\/?page_id=4290"},"modified":"2026-04-06T21:03:39","modified_gmt":"2026-04-06T21:03:39","slug":"gobierno-corporativo","status":"publish","type":"page","link":"https:\/\/mnkseguroscr.com\/mnk-new\/gobierno-corporativo\/","title":{"rendered":"Gobierno corporativo"},"content":{"rendered":"\t\t<div data-elementor-type=\"wp-page\" data-elementor-id=\"4290\" class=\"elementor elementor-4290\" wpc-filter-elementor-widget=\"1\">\n\t\t\t\t<div class=\"elementor-element elementor-element-6aaf875 e-flex e-con-boxed e-con e-parent\" data-id=\"6aaf875\" data-element_type=\"container\" data-e-type=\"container\">\n\t\t\t\t\t<div class=\"e-con-inner\">\n\t\t<div class=\"elementor-element elementor-element-bfcc600 e-con-full e-flex e-con e-child\" data-id=\"bfcc600\" data-element_type=\"container\" data-e-type=\"container\">\n\t\t\t\t<div class=\"elementor-element elementor-element-e04e96f elementor-widget elementor-widget-image\" data-id=\"e04e96f\" data-element_type=\"widget\" data-e-type=\"widget\" data-widget_type=\"image.default\">\n\t\t\t\t<div class=\"elementor-widget-container\">\n\t\t\t\t\t\t\t\t\t\t\t\t\t\t\t<img fetchpriority=\"high\" decoding=\"async\" width=\"350\" height=\"450\" src=\"https:\/\/mnkseguroscr.com\/mnk-new\/wp-content\/uploads\/2023\/07\/offer-2.jpg\" class=\"attachment-full size-full wp-image-2270\" alt=\"\" \/>\t\t\t\t\t\t\t\t\t\t\t\t\t\t\t<\/div>\n\t\t\t\t<\/div>\n\t\t\t\t<\/div>\n\t\t<div class=\"elementor-element elementor-element-7fbda55 e-con-full e-flex e-con e-child\" data-id=\"7fbda55\" data-element_type=\"container\" data-e-type=\"container\">\n\t\t\t\t<div class=\"elementor-element elementor-element-bd61d45 elementor-widget elementor-widget-text-editor\" data-id=\"bd61d45\" data-element_type=\"widget\" data-e-type=\"widget\" data-widget_type=\"text-editor.default\">\n\t\t\t\t<div class=\"elementor-widget-container\">\n\t\t\t\t\t\t\t\t\t<p>Este C\u00f3digo es de aplicaci\u00f3n obligatoria para MNK Seguros Compa\u00f1\u00eda Aseguradora S.A. para todos los funcionarios de MNK Seguros Compa\u00f1\u00eda Aseguradora S.A. independientemente del nivel que desempe\u00f1en en la organizaci\u00f3n.<\/p>\t\t\t\t\t\t\t\t<\/div>\n\t\t\t\t<\/div>\n\t\t<div class=\"elementor-element elementor-element-f3fa088 e-con-full e-flex e-con e-child\" data-id=\"f3fa088\" data-element_type=\"container\" data-e-type=\"container\">\n\t\t\t\t<div class=\"elementor-element elementor-element-1fc51fe descargar-ahora elementor-widget elementor-widget-button-noxiy\" data-id=\"1fc51fe\" data-element_type=\"widget\" data-e-type=\"widget\" data-widget_type=\"button-noxiy.default\">\n\t\t\t\t<div class=\"elementor-widget-container\">\n\t\t\t\t\t\r\n        <div class=\"noxiy-button\">\r\n            <a href=\"https:\/\/mnkseguroscr.com\/mnk-new\/wp-content\/uploads\/2025\/11\/Codigo-de-Gobierno-Corporativo-ver-6.pdf\" target=\"_blank\" class=\"noxiy__btn\">\r\n                Descargar Documento            <\/a>\r\n\r\n        <\/div>\r\n\r\n        \t\t\t\t<\/div>\n\t\t\t\t<\/div>\n\t\t\t\t<\/div>\n\t\t\t\t<\/div>\n\t\t\t\t\t<\/div>\n\t\t\t\t<\/div>\n\t\t<div class=\"elementor-element elementor-element-f47804e e-flex e-con-boxed e-con e-parent\" data-id=\"f47804e\" data-element_type=\"container\" data-e-type=\"container\">\n\t\t\t\t\t<div class=\"e-con-inner\">\n\t\t\t\t<div class=\"elementor-element elementor-element-a074250 elementor-widget elementor-widget-html\" data-id=\"a074250\" data-element_type=\"widget\" data-e-type=\"widget\" data-widget_type=\"html.default\">\n\t\t\t\t<div class=\"elementor-widget-container\">\n\t\t\t\t\t<script>\r\ndocument.addEventListener('click', function(e) {\r\n    \/\/ Buscamos si el clic fue en el bot\u00f3n con la clase 'descargar-ahora'\r\n    const elBtn = e.target.closest('.descargar-ahora a') || e.target.closest('a.descargar-ahora');\r\n    \r\n    if (elBtn) {\r\n        const urlPDF = elBtn.getAttribute('href');\r\n        \r\n        \/\/ Si el link es un PDF, forzamos la descarga\r\n        if (urlPDF && urlPDF.toLowerCase().endsWith('.pdf')) {\r\n            e.preventDefault(); \/\/ Evita que se abra la pesta\u00f1a necia\r\n            \r\n            fetch(urlPDF)\r\n                .then(resp => resp.blob())\r\n                .then(blob => {\r\n                    const urlBlob = window.URL.createObjectURL(blob);\r\n                    const linkTemporal = document.createElement('a');\r\n                    linkTemporal.href = urlBlob;\r\n                    \r\n                    \/\/ Aqu\u00ed pod\u00e9s poner el nombre que quer\u00e1s que tenga el archivo al guardarse\r\n                    linkTemporal.download = \"Codigo-Gobierno-Corporativo-MNK.pdf\";\r\n                    \r\n                    document.body.appendChild(linkTemporal);\r\n                    linkTemporal.click();\r\n                    linkTemporal.remove();\r\n                    window.URL.revokeObjectURL(urlBlob);\r\n                })\r\n                .catch(() => window.open(urlPDF, '_blank')); \/\/ Si algo falla, lo abre normal\r\n        }\r\n    }\r\n});\r\n<\/script>\t\t\t\t<\/div>\n\t\t\t\t<\/div>\n\t\t\t\t\t<\/div>\n\t\t\t\t<\/div>\n\t\t\t\t<\/div>\n\t\t","protected":false},"excerpt":{"rendered":"<p>Este C\u00f3digo es de aplicaci\u00f3n obligatoria para MNK Seguros Compa\u00f1\u00eda Aseguradora S.A. para todos los funcionarios de MNK Seguros Compa\u00f1\u00eda Aseguradora S.A. independientemente del nivel que desempe\u00f1en en la organizaci\u00f3n. Descargar Documento<\/p>\n","protected":false},"author":3,"featured_media":0,"parent":0,"menu_order":0,"comment_status":"closed","ping_status":"closed","template":"","meta":{"_acf_changed":false,"inline_featured_image":false,"footnotes":""},"class_list":["post-4290","page","type-page","status-publish","hentry"],"acf":[],"aioseo_notices":[],"_links":{"self":[{"href":"https:\/\/mnkseguroscr.com\/mnk-new\/wp-json\/wp\/v2\/pages\/4290","targetHints":{"allow":["GET"]}}],"collection":[{"href":"https:\/\/mnkseguroscr.com\/mnk-new\/wp-json\/wp\/v2\/pages"}],"about":[{"href":"https:\/\/mnkseguroscr.com\/mnk-new\/wp-json\/wp\/v2\/types\/page"}],"author":[{"embeddable":true,"href":"https:\/\/mnkseguroscr.com\/mnk-new\/wp-json\/wp\/v2\/users\/3"}],"replies":[{"embeddable":true,"href":"https:\/\/mnkseguroscr.com\/mnk-new\/wp-json\/wp\/v2\/comments?post=4290"}],"version-history":[{"count":77,"href":"https:\/\/mnkseguroscr.com\/mnk-new\/wp-json\/wp\/v2\/pages\/4290\/revisions"}],"predecessor-version":[{"id":21119,"href":"https:\/\/mnkseguroscr.com\/mnk-new\/wp-json\/wp\/v2\/pages\/4290\/revisions\/21119"}],"wp:attachment":[{"href":"https:\/\/mnkseguroscr.com\/mnk-new\/wp-json\/wp\/v2\/media?parent=4290"}],"curies":[{"name":"wp","href":"https:\/\/api.w.org\/{rel}","templated":true}]}}