{"id":5662,"date":"2025-11-17T18:00:07","date_gmt":"2025-11-17T18:00:07","guid":{"rendered":"http:\/\/mnkseguroscr.com\/mnk-new\/?page_id=5662"},"modified":"2026-02-25T17:10:40","modified_gmt":"2026-02-25T17:10:40","slug":"defensa-del-consumidor","status":"publish","type":"page","link":"https:\/\/mnkseguroscr.com\/mnk-new\/defensa-del-consumidor\/","title":{"rendered":"Defensa del consumidor"},"content":{"rendered":"\t\t<div data-elementor-type=\"wp-page\" data-elementor-id=\"5662\" class=\"elementor elementor-5662\" wpc-filter-elementor-widget=\"1\">\n\t\t\t\t<div class=\"elementor-element elementor-element-c54628c e-flex e-con-boxed e-con e-parent\" data-id=\"c54628c\" data-element_type=\"container\" data-e-type=\"container\">\n\t\t\t\t\t<div class=\"e-con-inner\">\n\t\t\t\t<div class=\"elementor-element elementor-element-1c59352 elementor-widget elementor-widget-image\" data-id=\"1c59352\" data-element_type=\"widget\" data-e-type=\"widget\" data-widget_type=\"image.default\">\n\t\t\t\t<div class=\"elementor-widget-container\">\n\t\t\t\t\t\t\t\t\t\t\t\t\t\t\t<img fetchpriority=\"high\" decoding=\"async\" width=\"1500\" height=\"1000\" src=\"https:\/\/mnkseguroscr.com\/mnk-new\/wp-content\/uploads\/2026\/02\/two-happy-partners-shaking-hands-cafe.webp\" class=\"attachment-full size-full wp-image-18971\" alt=\"\" srcset=\"https:\/\/mnkseguroscr.com\/mnk-new\/wp-content\/uploads\/2026\/02\/two-happy-partners-shaking-hands-cafe.webp 1500w, https:\/\/mnkseguroscr.com\/mnk-new\/wp-content\/uploads\/2026\/02\/two-happy-partners-shaking-hands-cafe-300x200.webp 300w, https:\/\/mnkseguroscr.com\/mnk-new\/wp-content\/uploads\/2026\/02\/two-happy-partners-shaking-hands-cafe-1024x683.webp 1024w, https:\/\/mnkseguroscr.com\/mnk-new\/wp-content\/uploads\/2026\/02\/two-happy-partners-shaking-hands-cafe-768x512.webp 768w\" sizes=\"(max-width: 1500px) 100vw, 1500px\" \/>\t\t\t\t\t\t\t\t\t\t\t\t\t\t\t<\/div>\n\t\t\t\t<\/div>\n\t\t\t\t<div class=\"elementor-element elementor-element-451312c elementor-widget elementor-widget-text-editor\" data-id=\"451312c\" data-element_type=\"widget\" data-e-type=\"widget\" data-widget_type=\"text-editor.default\">\n\t\t\t\t<div class=\"elementor-widget-container\">\n\t\t\t\t\t\t\t\t\tEn caso de alguna inconformidad con tu caso por favor comun\u00edcate con nosotros, al correo contacto@mnkseguros.com. De igual forma, en caso de que no te encontr\u00e9s conforme con nuestra respuesta, pod\u00e9s comunicarte a una segunda dependencia, independiente de nosotros, como lo es el Centro de Defensa del Asegurado (CDA).\t\t\t\t\t\t\t\t<\/div>\n\t\t\t\t<\/div>\n\t\t\t\t\t<\/div>\n\t\t\t\t<\/div>\n\t\t<div class=\"elementor-element elementor-element-f3b9a1c e-flex e-con-boxed e-con e-parent\" data-id=\"f3b9a1c\" data-element_type=\"container\" data-e-type=\"container\">\n\t\t\t\t\t<div class=\"e-con-inner\">\n\t\t\t\t<div class=\"elementor-element elementor-element-be56c7c elementor-widget elementor-widget-spacer\" data-id=\"be56c7c\" data-element_type=\"widget\" data-e-type=\"widget\" data-widget_type=\"spacer.default\">\n\t\t\t\t<div class=\"elementor-widget-container\">\n\t\t\t\t\t\t\t<div class=\"elementor-spacer\">\n\t\t\t<div class=\"elementor-spacer-inner\"><\/div>\n\t\t<\/div>\n\t\t\t\t\t\t<\/div>\n\t\t\t\t<\/div>\n\t\t\t\t\t<\/div>\n\t\t\t\t<\/div>\n\t\t<div class=\"elementor-element elementor-element-35f09d6 e-flex e-con-boxed e-con e-parent\" data-id=\"35f09d6\" data-element_type=\"container\" data-e-type=\"container\">\n\t\t\t\t\t<div class=\"e-con-inner\">\n\t\t\t\t<div class=\"elementor-element elementor-element-bd9a075 elementor-widget elementor-widget-heading\" data-id=\"bd9a075\" data-element_type=\"widget\" data-e-type=\"widget\" data-widget_type=\"heading.default\">\n\t\t\t\t<div class=\"elementor-widget-container\">\n\t\t\t\t\t<h2 class=\"elementor-heading-title elementor-size-default\">V\u00edas de contacto<\/h2>\t\t\t\t<\/div>\n\t\t\t\t<\/div>\n\t\t\t\t\t<\/div>\n\t\t\t\t<\/div>\n\t\t<div class=\"elementor-element elementor-element-96d534c e-flex e-con-boxed e-con e-parent\" data-id=\"96d534c\" data-element_type=\"container\" data-e-type=\"container\">\n\t\t\t\t\t<div class=\"e-con-inner\">\n\t\t\t\t<div class=\"elementor-element elementor-element-ffb7c7e elementor-widget elementor-widget-spacer\" data-id=\"ffb7c7e\" data-element_type=\"widget\" data-e-type=\"widget\" data-widget_type=\"spacer.default\">\n\t\t\t\t<div class=\"elementor-widget-container\">\n\t\t\t\t\t\t\t<div class=\"elementor-spacer\">\n\t\t\t<div class=\"elementor-spacer-inner\"><\/div>\n\t\t<\/div>\n\t\t\t\t\t\t<\/div>\n\t\t\t\t<\/div>\n\t\t\t\t\t<\/div>\n\t\t\t\t<\/div>\n\t\t<div class=\"elementor-element elementor-element-0f94cea e-con-full e-flex e-con e-parent\" data-id=\"0f94cea\" data-element_type=\"container\" data-e-type=\"container\">\n\t\t\t\t<div class=\"elementor-element elementor-element-1795b72 elementor-widget elementor-widget-html\" data-id=\"1795b72\" data-element_type=\"widget\" data-e-type=\"widget\" data-widget_type=\"html.default\">\n\t\t\t\t<div class=\"elementor-widget-container\">\n\t\t\t\t\t<div class=\"contact__two-info-item\" style=\"display:flex;align-items:center;margin-bottom:10px;\">\r\n  <h6 style=\"display:flex;align-items:center;justify-content:space-between;width:140px;font-weight:600;margin:0;\">  Correo<span>:<\/span><\/h6>\r\n  <span style=\"margin-left:10px;\">\r\n    <a href=\"mailto:contacto@mnkseguros.com\" style=\"color:#000;text-decoration:none;\">clienteseguros@aap.cr\r\n\r\n<\/a>\r\n  <\/span>\r\n<\/div>\r\n\t\t\t\t<\/div>\n\t\t\t\t<\/div>\n\t\t\t\t<div class=\"elementor-element elementor-element-82b6cd4 elementor-widget elementor-widget-html\" data-id=\"82b6cd4\" data-element_type=\"widget\" data-e-type=\"widget\" data-widget_type=\"html.default\">\n\t\t\t\t<div class=\"elementor-widget-container\">\n\t\t\t\t\t<div class=\"contact__two-info-item\" style=\"display:flex;align-items:center;margin-bottom:10px;\">\r\n  <h6 style=\"display:flex;align-items:center;justify-content:space-between;width:140px;font-weight:600;margin:0;\">  Tel\u00e9fono<span>:<\/span><\/h6>\r\n  <span style=\"margin-left:10px;\">\r\n    <a href=\"tel:+50641027600\" style=\"color:#000;text-decoration:none;\">2291-0315<\/a>\r\n  <\/span>\r\n<\/div>\r\n\t\t\t\t<\/div>\n\t\t\t\t<\/div>\n\t\t\t\t<\/div>\n\t\t<div class=\"elementor-element elementor-element-bc0c14e e-flex e-con-boxed e-con e-parent\" data-id=\"bc0c14e\" data-element_type=\"container\" data-e-type=\"container\">\n\t\t\t\t\t<div class=\"e-con-inner\">\n\t\t\t\t<div class=\"elementor-element elementor-element-ada134f elementor-widget-divider--view-line elementor-widget elementor-widget-divider\" data-id=\"ada134f\" data-element_type=\"widget\" data-e-type=\"widget\" data-widget_type=\"divider.default\">\n\t\t\t\t<div class=\"elementor-widget-container\">\n\t\t\t\t\t\t\t<div class=\"elementor-divider\">\n\t\t\t<span class=\"elementor-divider-separator\">\n\t\t\t\t\t\t<\/span>\n\t\t<\/div>\n\t\t\t\t\t\t<\/div>\n\t\t\t\t<\/div>\n\t\t\t\t\t<\/div>\n\t\t\t\t<\/div>\n\t\t<div class=\"elementor-element elementor-element-e572d71 e-con-full e-flex e-con e-parent\" data-id=\"e572d71\" data-element_type=\"container\" data-e-type=\"container\">\n\t\t\t\t<div class=\"elementor-element elementor-element-d88f1c2 elementor-widget elementor-widget-html\" data-id=\"d88f1c2\" data-element_type=\"widget\" data-e-type=\"widget\" data-widget_type=\"html.default\">\n\t\t\t\t<div class=\"elementor-widget-container\">\n\t\t\t\t\t<div class=\"contact__two-info-item\" style=\"display:flex;align-items:center;margin-bottom:10px;\">\r\n  <h6 style=\"display:flex;align-items:center;justify-content:space-between;width:140px;font-weight:600;margin:0;\">  Tel\u00e9fono<span>:<\/span><\/h6>\r\n  <span style=\"margin-left:10px;\">\r\n    <a href=\"tel:+50641027600\" style=\"color:#000;text-decoration:none;\">4102-7600<\/a>\r\n  <\/span>\r\n<\/div>\r\n\t\t\t\t<\/div>\n\t\t\t\t<\/div>\n\t\t\t\t<\/div>\n\t\t<div class=\"elementor-element elementor-element-d4cdab3 e-con-full e-flex e-con e-parent\" data-id=\"d4cdab3\" data-element_type=\"container\" data-e-type=\"container\">\n\t\t\t\t<div class=\"elementor-element elementor-element-768fd0c elementor-widget elementor-widget-html\" data-id=\"768fd0c\" data-element_type=\"widget\" data-e-type=\"widget\" data-widget_type=\"html.default\">\n\t\t\t\t<div class=\"elementor-widget-container\">\n\t\t\t\t\t<div class=\"contact__two-info-item\" style=\"display:flex;align-items:center;margin-bottom:10px;\">\r\n  <h6 style=\"display:flex;align-items:center;justify-content:space-between;width:140px;font-weight:600;margin:0;\">  Correo<span>:<\/span><\/h6>\r\n  <span style=\"margin-left:10px;\">\r\n    <a href=\"mailto:contacto@mnkseguros.com\" style=\"color:#000;text-decoration:none;\">contacto@mnkseguros.com\r\n\r\n<\/a>\r\n  <\/span>\r\n<\/div>\r\n\t\t\t\t<\/div>\n\t\t\t\t<\/div>\n\t\t\t\t<\/div>\n\t\t\t\t<\/div>\n\t\t","protected":false},"excerpt":{"rendered":"<p>En caso de alguna inconformidad con tu caso por favor comun\u00edcate con nosotros, al correo contacto@mnkseguros.com. De igual forma, en caso de que no te encontr\u00e9s conforme con nuestra respuesta, pod\u00e9s comunicarte a una segunda dependencia, independiente de nosotros, como lo es el Centro de Defensa del Asegurado (CDA). V\u00edas de contacto Correo: clienteseguros@aap.cr Tel\u00e9fono: [&hellip;]<\/p>\n","protected":false},"author":3,"featured_media":0,"parent":0,"menu_order":0,"comment_status":"closed","ping_status":"closed","template":"","meta":{"_acf_changed":false,"inline_featured_image":false,"footnotes":""},"class_list":["post-5662","page","type-page","status-publish","hentry"],"acf":[],"aioseo_notices":[],"_links":{"self":[{"href":"https:\/\/mnkseguroscr.com\/mnk-new\/wp-json\/wp\/v2\/pages\/5662","targetHints":{"allow":["GET"]}}],"collection":[{"href":"https:\/\/mnkseguroscr.com\/mnk-new\/wp-json\/wp\/v2\/pages"}],"about":[{"href":"https:\/\/mnkseguroscr.com\/mnk-new\/wp-json\/wp\/v2\/types\/page"}],"author":[{"embeddable":true,"href":"https:\/\/mnkseguroscr.com\/mnk-new\/wp-json\/wp\/v2\/users\/3"}],"replies":[{"embeddable":true,"href":"https:\/\/mnkseguroscr.com\/mnk-new\/wp-json\/wp\/v2\/comments?post=5662"}],"version-history":[{"count":76,"href":"https:\/\/mnkseguroscr.com\/mnk-new\/wp-json\/wp\/v2\/pages\/5662\/revisions"}],"predecessor-version":[{"id":18980,"href":"https:\/\/mnkseguroscr.com\/mnk-new\/wp-json\/wp\/v2\/pages\/5662\/revisions\/18980"}],"wp:attachment":[{"href":"https:\/\/mnkseguroscr.com\/mnk-new\/wp-json\/wp\/v2\/media?parent=5662"}],"curies":[{"name":"wp","href":"https:\/\/api.w.org\/{rel}","templated":true}]}}