{"id":69,"date":"2023-07-17T14:31:39","date_gmt":"2023-07-17T14:31:39","guid":{"rendered":"http:\/\/noxiy.local\/?page_id=68"},"modified":"2026-04-06T22:45:41","modified_gmt":"2026-04-06T22:45:41","slug":"contact-01","status":"publish","type":"page","link":"https:\/\/mnkseguroscr.com\/mnk-new\/contact-01\/","title":{"rendered":"Contactanos"},"content":{"rendered":"\t\t<div data-elementor-type=\"wp-page\" data-elementor-id=\"69\" class=\"elementor elementor-69\" wpc-filter-elementor-widget=\"1\">\n\t\t\t\t\t\t<section class=\"elementor-section elementor-top-section elementor-element elementor-element-9856f4e elementor-section-boxed elementor-section-height-default elementor-section-height-default\" data-id=\"9856f4e\" data-element_type=\"section\" data-e-type=\"section\">\n\t\t\t\t\t\t<div class=\"elementor-container elementor-column-gap-default\">\n\t\t\t\t\t<div class=\"elementor-column elementor-col-25 elementor-top-column elementor-element elementor-element-e3f0028\" data-id=\"e3f0028\" data-element_type=\"column\" data-e-type=\"column\" data-settings=\"{&quot;background_background&quot;:&quot;classic&quot;}\">\n\t\t\t<div class=\"elementor-widget-wrap elementor-element-populated\">\n\t\t\t\t\t\t<div class=\"elementor-element elementor-element-b162239 elementor-widget elementor-widget-image\" data-id=\"b162239\" data-element_type=\"widget\" data-e-type=\"widget\" data-widget_type=\"image.default\">\n\t\t\t\t<div class=\"elementor-widget-container\">\n\t\t\t\t\t\t\t\t\t\t\t\t\t\t\t<img decoding=\"async\" width=\"64\" height=\"64\" src=\"https:\/\/mnkseguroscr.com\/mnk-new\/wp-content\/uploads\/2023\/07\/map.png\" class=\"attachment-full size-full wp-image-1526\" alt=\"\" \/>\t\t\t\t\t\t\t\t\t\t\t\t\t\t\t<\/div>\n\t\t\t\t<\/div>\n\t\t\t\t<div class=\"elementor-element elementor-element-b4f89f0 elementor-widget elementor-widget-heading\" data-id=\"b4f89f0\" data-element_type=\"widget\" data-e-type=\"widget\" data-widget_type=\"heading.default\">\n\t\t\t\t<div class=\"elementor-widget-container\">\n\t\t\t\t\t<h4 class=\"elementor-heading-title elementor-size-default\">Direcci\u00f3n<\/h4>\t\t\t\t<\/div>\n\t\t\t\t<\/div>\n\t\t\t\t<div class=\"elementor-element elementor-element-3e101ef elementor-widget elementor-widget-heading\" data-id=\"3e101ef\" data-element_type=\"widget\" data-e-type=\"widget\" data-widget_type=\"heading.default\">\n\t\t\t\t<div class=\"elementor-widget-container\">\n\t\t\t\t\t<span class=\"elementor-heading-title elementor-size-default\"><a href=\"https:\/\/maps.app.goo.gl\/dUdz6AF8np1sBfha8\" target=\"_blank\">San Jos\u00e9, Sabana norte, 100 metros al este de la agencia Datsun-Nissan, edificio MNK Seguros<\/a><\/span>\t\t\t\t<\/div>\n\t\t\t\t<\/div>\n\t\t\t\t\t<\/div>\n\t\t<\/div>\n\t\t\t\t<div class=\"elementor-column elementor-col-25 elementor-top-column elementor-element elementor-element-9ce2918\" data-id=\"9ce2918\" data-element_type=\"column\" data-e-type=\"column\" data-settings=\"{&quot;background_background&quot;:&quot;classic&quot;}\">\n\t\t\t<div class=\"elementor-widget-wrap elementor-element-populated\">\n\t\t\t\t\t\t<div class=\"elementor-element elementor-element-de26408 elementor-widget elementor-widget-image\" data-id=\"de26408\" data-element_type=\"widget\" data-e-type=\"widget\" data-widget_type=\"image.default\">\n\t\t\t\t<div class=\"elementor-widget-container\">\n\t\t\t\t\t\t\t\t\t\t\t\t\t\t\t<img decoding=\"async\" width=\"64\" height=\"64\" src=\"https:\/\/mnkseguroscr.com\/mnk-new\/wp-content\/uploads\/2023\/07\/email.png\" class=\"attachment-full size-full wp-image-1525\" alt=\"\" \/>\t\t\t\t\t\t\t\t\t\t\t\t\t\t\t<\/div>\n\t\t\t\t<\/div>\n\t\t\t\t<div class=\"elementor-element elementor-element-7c9ae4c elementor-widget elementor-widget-heading\" data-id=\"7c9ae4c\" data-element_type=\"widget\" data-e-type=\"widget\" data-widget_type=\"heading.default\">\n\t\t\t\t<div class=\"elementor-widget-container\">\n\t\t\t\t\t<h4 class=\"elementor-heading-title elementor-size-default\">Correo <\/h4>\t\t\t\t<\/div>\n\t\t\t\t<\/div>\n\t\t\t\t<div class=\"elementor-element elementor-element-eb1910c elementor-align-center elementor-icon-list--layout-traditional elementor-list-item-link-full_width elementor-widget elementor-widget-icon-list\" data-id=\"eb1910c\" data-element_type=\"widget\" data-e-type=\"widget\" data-widget_type=\"icon-list.default\">\n\t\t\t\t<div class=\"elementor-widget-container\">\n\t\t\t\t\t\t\t<ul class=\"elementor-icon-list-items\">\n\t\t\t\t\t\t\t<li class=\"elementor-icon-list-item\">\n\t\t\t\t\t\t\t\t\t\t\t<a href=\"mailto:contacto@mnkseguros.com\">\n\n\t\t\t\t\t\t\t\t\t\t\t<span class=\"elementor-icon-list-text\">contacto@mnkseguros.com<\/span>\n\t\t\t\t\t\t\t\t\t\t\t<\/a>\n\t\t\t\t\t\t\t\t\t<\/li>\n\t\t\t\t\t\t<\/ul>\n\t\t\t\t\t\t<\/div>\n\t\t\t\t<\/div>\n\t\t\t\t\t<\/div>\n\t\t<\/div>\n\t\t\t\t<div class=\"elementor-column elementor-col-25 elementor-top-column elementor-element elementor-element-878eca5\" data-id=\"878eca5\" data-element_type=\"column\" data-e-type=\"column\" data-settings=\"{&quot;background_background&quot;:&quot;classic&quot;}\">\n\t\t\t<div class=\"elementor-widget-wrap elementor-element-populated\">\n\t\t\t\t\t\t<div class=\"elementor-element elementor-element-782693a elementor-widget elementor-widget-image\" data-id=\"782693a\" data-element_type=\"widget\" data-e-type=\"widget\" data-widget_type=\"image.default\">\n\t\t\t\t<div class=\"elementor-widget-container\">\n\t\t\t\t\t\t\t\t\t\t\t\t\t\t\t<img decoding=\"async\" width=\"64\" height=\"64\" src=\"https:\/\/mnkseguroscr.com\/mnk-new\/wp-content\/uploads\/2023\/07\/phone.png\" class=\"attachment-full size-full wp-image-1528\" alt=\"\" \/>\t\t\t\t\t\t\t\t\t\t\t\t\t\t\t<\/div>\n\t\t\t\t<\/div>\n\t\t\t\t<div class=\"elementor-element elementor-element-d5425e2 elementor-widget elementor-widget-heading\" data-id=\"d5425e2\" data-element_type=\"widget\" data-e-type=\"widget\" data-widget_type=\"heading.default\">\n\t\t\t\t<div class=\"elementor-widget-container\">\n\t\t\t\t\t<h4 class=\"elementor-heading-title elementor-size-default\">N\u00famero de tel\u00e9fono<\/h4>\t\t\t\t<\/div>\n\t\t\t\t<\/div>\n\t\t\t\t<div class=\"elementor-element elementor-element-c326099 elementor-align-center elementor-icon-list--layout-traditional elementor-list-item-link-full_width elementor-widget elementor-widget-icon-list\" data-id=\"c326099\" data-element_type=\"widget\" data-e-type=\"widget\" data-widget_type=\"icon-list.default\">\n\t\t\t\t<div class=\"elementor-widget-container\">\n\t\t\t\t\t\t\t<ul class=\"elementor-icon-list-items\">\n\t\t\t\t\t\t\t<li class=\"elementor-icon-list-item\">\n\t\t\t\t\t\t\t\t\t\t\t<a href=\"tel:(+506)%2041027600\">\n\n\t\t\t\t\t\t\t\t\t\t\t<span class=\"elementor-icon-list-text\">+506 41027600<\/span>\n\t\t\t\t\t\t\t\t\t\t\t<\/a>\n\t\t\t\t\t\t\t\t\t<\/li>\n\t\t\t\t\t\t<\/ul>\n\t\t\t\t\t\t<\/div>\n\t\t\t\t<\/div>\n\t\t\t\t\t<\/div>\n\t\t<\/div>\n\t\t\t\t<div class=\"elementor-column elementor-col-25 elementor-top-column elementor-element elementor-element-b614b1b\" data-id=\"b614b1b\" data-element_type=\"column\" data-e-type=\"column\" data-settings=\"{&quot;background_background&quot;:&quot;classic&quot;}\">\n\t\t\t<div class=\"elementor-widget-wrap elementor-element-populated\">\n\t\t\t\t\t\t<div class=\"elementor-element elementor-element-088855f elementor-widget elementor-widget-image\" data-id=\"088855f\" data-element_type=\"widget\" data-e-type=\"widget\" data-widget_type=\"image.default\">\n\t\t\t\t<div class=\"elementor-widget-container\">\n\t\t\t\t\t\t\t\t\t\t\t\t\t\t\t<img loading=\"lazy\" decoding=\"async\" width=\"64\" height=\"64\" src=\"https:\/\/mnkseguroscr.com\/mnk-new\/wp-content\/uploads\/2023\/07\/opening-hours.png\" class=\"attachment-full size-full wp-image-1527\" alt=\"\" \/>\t\t\t\t\t\t\t\t\t\t\t\t\t\t\t<\/div>\n\t\t\t\t<\/div>\n\t\t\t\t<div class=\"elementor-element elementor-element-2d302b7 elementor-widget elementor-widget-heading\" data-id=\"2d302b7\" data-element_type=\"widget\" data-e-type=\"widget\" data-widget_type=\"heading.default\">\n\t\t\t\t<div class=\"elementor-widget-container\">\n\t\t\t\t\t<h4 class=\"elementor-heading-title elementor-size-default\">Horario<\/h4>\t\t\t\t<\/div>\n\t\t\t\t<\/div>\n\t\t\t\t<div class=\"elementor-element elementor-element-28d9c5e elementor-widget elementor-widget-heading\" data-id=\"28d9c5e\" data-element_type=\"widget\" data-e-type=\"widget\" data-widget_type=\"heading.default\">\n\t\t\t\t<div class=\"elementor-widget-container\">\n\t\t\t\t\t<span class=\"elementor-heading-title elementor-size-default\">8:00 a.m. a 5:00 p.m. \nViernes de \n8:00 a.m. a 4:00 p.m.<\/span>\t\t\t\t<\/div>\n\t\t\t\t<\/div>\n\t\t\t\t\t<\/div>\n\t\t<\/div>\n\t\t\t\t\t<\/div>\n\t\t<\/section>\n\t\t\t\t<section class=\"elementor-section elementor-top-section elementor-element elementor-element-29b382c elementor-section-full_width elementor-section-height-default elementor-section-height-default\" data-id=\"29b382c\" data-element_type=\"section\" data-e-type=\"section\">\n\t\t\t\t\t\t<div class=\"elementor-container elementor-column-gap-no\">\n\t\t\t\t\t<div class=\"elementor-column elementor-col-100 elementor-top-column elementor-element elementor-element-1d77390\" data-id=\"1d77390\" data-element_type=\"column\" data-e-type=\"column\">\n\t\t\t<div class=\"elementor-widget-wrap elementor-element-populated\">\n\t\t\t\t\t\t<div class=\"elementor-element elementor-element-e7f5092 elementor-widget elementor-widget-google_maps\" data-id=\"e7f5092\" data-element_type=\"widget\" data-e-type=\"widget\" data-widget_type=\"google_maps.default\">\n\t\t\t\t<div class=\"elementor-widget-container\">\n\t\t\t\t\t\t\t<div class=\"elementor-custom-embed\">\n\t\t\t<iframe loading=\"lazy\"\n\t\t\t\t\tsrc=\"https:\/\/maps.google.com\/maps?q=MNK%20seguros&#038;t=m&#038;z=12&#038;output=embed&#038;iwloc=near\"\n\t\t\t\t\ttitle=\"MNK seguros\"\n\t\t\t\t\taria-label=\"MNK seguros\"\n\t\t\t><\/iframe>\n\t\t<\/div>\n\t\t\t\t\t\t<\/div>\n\t\t\t\t<\/div>\n\t\t\t\t\t<\/div>\n\t\t<\/div>\n\t\t\t\t\t<\/div>\n\t\t<\/section>\n\t\t\t\t<section class=\"elementor-section elementor-top-section elementor-element elementor-element-119b896 elementor-section-boxed elementor-section-height-default elementor-section-height-default\" data-id=\"119b896\" data-element_type=\"section\" data-e-type=\"section\">\n\t\t\t\t\t\t<div class=\"elementor-container elementor-column-gap-default\">\n\t\t\t\t\t<div class=\"elementor-column elementor-col-100 elementor-top-column elementor-element elementor-element-cb7d190\" data-id=\"cb7d190\" data-element_type=\"column\" data-e-type=\"column\" data-settings=\"{&quot;background_background&quot;:&quot;classic&quot;}\">\n\t\t\t<div class=\"elementor-widget-wrap elementor-element-populated\">\n\t\t\t\t\t\t<div class=\"elementor-element elementor-element-684bcf3 elementor-widget__width-initial elementor-widget-tablet__width-inherit elementor-widget elementor-widget-heading\" data-id=\"684bcf3\" data-element_type=\"widget\" data-e-type=\"widget\" data-widget_type=\"heading.default\">\n\t\t\t\t<div class=\"elementor-widget-container\">\n\t\t\t\t\t<h2 class=\"elementor-heading-title elementor-size-default\">Si necesit\u00e1s m\u00e1s informaci\u00f3n o ten\u00e9s alguna consulta, contactanos a trav\u00e9s del siguiente formulario:<\/h2>\t\t\t\t<\/div>\n\t\t\t\t<\/div>\n\t\t\t\t<div class=\"elementor-element elementor-element-bbb6828 elementor-widget__width-initial elementor-widget elementor-widget-shortcode\" data-id=\"bbb6828\" data-element_type=\"widget\" data-e-type=\"widget\" data-widget_type=\"shortcode.default\">\n\t\t\t\t<div class=\"elementor-widget-container\">\n\t\t\t\t\t\t\t<div class=\"elementor-shortcode\"><style id=\"wpforms-css-vars-9659\">\n\t\t\t\t#wpforms-9659 {\n\t\t\t\t--wpforms-field-border-color: rgba(0, 0, 0, 0.25);\n--wpforms-field-border-color-spare: rgba(0, 0, 0, 0.25);\n--wpforms-field-text-color: rgba(0, 0, 0, 0.7);\n--wpforms-label-color: rgba(0, 0, 0, 0.85);\n--wpforms-label-sublabel-color: rgba(0, 0, 0, 0.55);\n--wpforms-button-border-style: solid;\n--wpforms-button-background-color: #006061;\n--wpforms-button-border-color: #006061;\n--wpforms-container-padding: 0px;\n--wpforms-container-border-width: 1px;\n--wpforms-container-border-radius: 3px;\n--wpforms-background-color: rgba(0, 0, 0, 0);\n--wpforms-field-size-input-height: 43px;\n--wpforms-field-size-input-spacing: 15px;\n--wpforms-field-size-font-size: 16px;\n--wpforms-field-size-line-height: 19px;\n--wpforms-field-size-padding-h: 14px;\n--wpforms-field-size-checkbox-size: 16px;\n--wpforms-field-size-sublabel-spacing: 5px;\n--wpforms-field-size-icon-size: 1;\n--wpforms-label-size-font-size: 16px;\n--wpforms-label-size-line-height: 19px;\n--wpforms-label-size-sublabel-font-size: 14px;\n--wpforms-label-size-sublabel-line-height: 17px;\n--wpforms-button-size-font-size: 17px;\n--wpforms-button-size-height: 41px;\n--wpforms-button-size-padding-h: 15px;\n--wpforms-button-size-margin-top: 10px;\n--wpforms-container-shadow-size-box-shadow: none;\n\t\t\t}\n\t\t\t<\/style><style id=\"wpforms-css-vars-9659-custom-css\">\n\t\t\t\t#wpforms-9659 {\n\t\t\t\t\t\/* Importar Montserrat *\/\r\n@import url('https:\/\/fonts.googleapis.com\/css2?family=Montserrat:wght@400;600&display=swap');\r\n\r\n\/* =========================================\r\n   ESTANDARIZACI\u00d3N FORMULARIO MNK SEGUROS\r\n   ========================================= *\/\r\n\r\n\/* 1. Aplicar Montserrat y centrar contenedor principal *\/\r\n.wpforms-container, \r\n.wpforms-container p, \r\n.wpforms-container span, \r\n.wpforms-container label, \r\n.wpforms-container input, \r\n.wpforms-container textarea, \r\n.wpforms-container button,\r\n.wpforms-container em {\r\n    font-family: 'Montserrat', sans-serif !important;\r\n}\r\n\r\n.wpforms-container {\r\n    max-width: 600px !important;\r\n    margin: 0 auto !important;\r\n    text-align: center !important;\r\n}\r\n\r\n\/* 2. ESTRUCTURA DE CAMPOS *\/\r\n.wpforms-render-modern .wpforms-field {\r\n    display: flex !important;\r\n    flex-direction: column !important;\r\n    align-items: center !important;\r\n    width: 100% !important;\r\n    max-width: 100% !important;\r\n    margin: 0 auto 20px auto !important;\r\n    padding: 0 !important;\r\n    float: none !important;\r\n    clear: both !important;\r\n}\r\n\r\n\/* 3. T\u00edtulos de los campos (Labels) *\/\r\n.wpforms-field-label {\r\n    color: #106073 !important;\r\n    font-weight: 600 !important;\r\n    font-size: 16px !important;\r\n    margin-bottom: 8px !important;\r\n    text-align: center !important;\r\n    display: block !important;\r\n}\r\n\r\n\/* 4. Estilo de los Inputs y Textareas *\/\r\n.wpforms-field input, \r\n.wpforms-field textarea, \r\n.wpforms-field select {\r\n    max-width: 450px !important;\r\n    width: 100% !important;\r\n    margin: 0 auto !important;\r\n    display: block !important;\r\n    text-align: center !important;\r\n    font-weight: 400 !important;\r\n    border: 2px solid #A9DEE0 !important;\r\n    border-radius: 6px !important;\r\n    padding: 12px !important;\r\n}\r\n\r\n\/* 5. CORRECCI\u00d3N DE ALERTAS - M\u00c9TODO FLEX *\/\r\n.wpforms-render-modern em.wpforms-error {\r\n    \/* Flex convierte ::before en flex-item, anulando su float *\/\r\n    display: flex !important;\r\n    align-items: center !important;\r\n    justify-content: center !important;\r\n\r\n    width: 100% !important;\r\n    max-width: 450px !important;\r\n    margin: 8px auto 0 auto !important;\r\n    padding: 4px 0 !important;\r\n\r\n    color: #d9534f !important;\r\n    font-style: normal !important;\r\n    font-size: 13px !important;\r\n    line-height: 1.4 !important;\r\n    text-align: center !important;\r\n}\r\n\r\n\/* El \u00edcono ahora es un flex-item: obedece justify-content del padre *\/\r\n.wpforms-render-modern em.wpforms-error::before {\r\n    float: none !important;\r\n    flex-shrink: 0 !important;\r\n    margin-right: 6px !important;\r\n    vertical-align: unset !important;\r\n}\r\n\r\n\/* 6. Bot\u00f3n Enviar *\/\r\n.wpforms-submit-container {\r\n    text-align: center !important;\r\n    margin-top: 25px !important;\r\n    width: 100% !important;\r\n    float: none !important;\r\n    clear: both !important;\r\n}\r\n\r\n.wpforms-submit {\r\n    background: #006061 !important; \r\n    color: #ffffff !important;\r\n    padding: 14px 60px !important;\r\n    border-radius: 6px !important;\r\n    font-weight: 600 !important;\r\n    border: none !important;\r\n    cursor: pointer !important;\r\n    transition: all 0.3s ease;\r\n}\r\n\r\n.wpforms-submit:hover {\r\n    background-color: #008e97 !important;\r\n    transform: translateY(-1px);\r\n}\r\n\r\n\/* 7. Mensaje de Agradecimiento Final *\/\r\n.wpforms-confirmation-container-full {\r\n    background-color: #006061 !important; \r\n    color: #ffffff !important; \r\n    padding: 40px !important;\r\n    border-radius: 8px !important;\r\n    text-align: center !important; \r\n    margin-top: 20px !important;\r\n    width: 100% !important;\r\n    float: none !important;\r\n}\r\n\r\n.wpforms-confirmation-container-full p {\r\n    color: #ffffff !important;\r\n    text-align: center !important;\r\n    font-size: 18px !important;\r\n    margin: 0 !important;\r\n}\n\t\t\t\t}\n\t\t\t<\/style><div class=\"wpforms-container wpforms-container-full wpforms-render-modern\" id=\"wpforms-9659\"><form id=\"wpforms-form-9659\" class=\"wpforms-validate wpforms-form wpforms-ajax-form\" data-formid=\"9659\" method=\"post\" enctype=\"multipart\/form-data\" action=\"\/mnk-new\/wp-json\/wp\/v2\/pages\/69\" data-token=\"5da5bf9156d126a8be17afb4338962ea\" data-token-time=\"1776532055\"><noscript class=\"wpforms-error-noscript\">Por favor, activa JavaScript en tu navegador para completar este formulario.<\/noscript><div id=\"wpforms-error-noscript\" style=\"display: none;\">Por favor, activa JavaScript en tu navegador para completar este formulario.<\/div><div class=\"wpforms-field-container\"><div id=\"wpforms-9659-field_1-container\" class=\"wpforms-field wpforms-field-name\" data-field-id=\"1\"><label class=\"wpforms-field-label\" for=\"wpforms-9659-field_1\">Nombre y apellidos <span class=\"wpforms-required-label\" aria-hidden=\"true\">*<\/span><\/label><input type=\"text\" id=\"wpforms-9659-field_1\" class=\"wpforms-field-medium wpforms-field-required\" name=\"wpforms[fields][1]\" aria-errormessage=\"wpforms-9659-field_1-error\" required><\/div><div id=\"wpforms-9659-field_6-container\" class=\"wpforms-field wpforms-field-text\" data-field-id=\"6\"><label class=\"wpforms-field-label\" for=\"wpforms-9659-field_6\">N\u00famero de tel\u00e9fono <span class=\"wpforms-required-label\" aria-hidden=\"true\">*<\/span><\/label><input type=\"text\" id=\"wpforms-9659-field_6\" class=\"wpforms-field-medium wpforms-field-required\" name=\"wpforms[fields][6]\" aria-errormessage=\"wpforms-9659-field_6-error\" required><\/div>\t\t<div id=\"wpforms-9659-field_2-container\"\n\t\t\tclass=\"wpforms-field wpforms-field-text\"\n\t\t\tdata-field-type=\"text\"\n\t\t\tdata-field-id=\"2\"\n\t\t\t>\n\t\t\t<label class=\"wpforms-field-label\" for=\"wpforms-9659-field_2\" >apellidos Correo y<\/label>\n\t\t\t<input type=\"text\" id=\"wpforms-9659-field_2\" class=\"wpforms-field-medium\" name=\"wpforms[fields][2]\" >\n\t\t<\/div>\n\t\t<div id=\"wpforms-9659-field_3-container\" class=\"wpforms-field wpforms-field-email\" data-field-id=\"3\"><label class=\"wpforms-field-label\" for=\"wpforms-9659-field_3\">Correo electr\u00f3nico <span class=\"wpforms-required-label\" aria-hidden=\"true\">*<\/span><\/label><input type=\"email\" id=\"wpforms-9659-field_3\" class=\"wpforms-field-medium wpforms-field-required\" name=\"wpforms[fields][3]\" spellcheck=\"false\" aria-errormessage=\"wpforms-9659-field_3-error\" required><\/div><div id=\"wpforms-9659-field_5-container\" class=\"wpforms-field wpforms-field-textarea\" data-field-id=\"5\"><label class=\"wpforms-field-label\" for=\"wpforms-9659-field_5\">Mensaje <span class=\"wpforms-required-label\" aria-hidden=\"true\">*<\/span><\/label><textarea id=\"wpforms-9659-field_5\" class=\"wpforms-field-medium wpforms-field-required\" name=\"wpforms[fields][5]\" aria-errormessage=\"wpforms-9659-field_5-error\" required><\/textarea><\/div><script>\n\t\t\t\t( function() {\n\t\t\t\t\tconst style = document.createElement( 'style' );\n\t\t\t\t\tstyle.appendChild( document.createTextNode( '#wpforms-9659-field_2-container { position: absolute !important; overflow: hidden !important; display: inline !important; height: 1px !important; width: 1px !important; z-index: -1000 !important; padding: 0 !important; } #wpforms-9659-field_2-container input { visibility: hidden; } #wpforms-conversational-form-page #wpforms-9659-field_2-container label { counter-increment: none; }' ) );\n\t\t\t\t\tdocument.head.appendChild( style );\n\t\t\t\t\tdocument.currentScript?.remove();\n\t\t\t\t} )();\n\t\t\t<\/script><\/div><!-- .wpforms-field-container --><div class=\"wpforms-submit-container\" ><input type=\"hidden\" name=\"wpforms[id]\" value=\"9659\"><input type=\"hidden\" name=\"page_title\" value=\"\"><input type=\"hidden\" name=\"page_url\" value=\"https:\/\/mnkseguroscr.com\/mnk-new\/wp-json\/wp\/v2\/pages\/69\"><input type=\"hidden\" name=\"url_referer\" value=\"\"><button type=\"submit\" name=\"wpforms[submit]\" id=\"wpforms-submit-9659\" class=\"wpforms-submit\" data-alt-text=\"Enviando...\" data-submit-text=\"Enviar\" aria-live=\"assertive\" value=\"wpforms-submit\">Enviar<\/button><img loading=\"lazy\" decoding=\"async\" src=\"https:\/\/mnkseguroscr.com\/mnk-new\/wp-content\/plugins\/wpforms-lite\/assets\/images\/submit-spin.svg\" class=\"wpforms-submit-spinner\" style=\"display: none;\" width=\"26\" height=\"26\" alt=\"Cargando\"><\/div><\/form><\/div>  <!-- .wpforms-container --><\/div>\n\t\t\t\t\t\t<\/div>\n\t\t\t\t<\/div>\n\t\t\t\t\t<\/div>\n\t\t<\/div>\n\t\t\t\t\t<\/div>\n\t\t<\/section>\n\t\t<div class=\"elementor-element elementor-element-6e8b1ec e-flex e-con-boxed e-con e-parent\" data-id=\"6e8b1ec\" data-element_type=\"container\" data-e-type=\"container\">\n\t\t\t\t\t<div class=\"e-con-inner\">\n\t\t\t\t\t<\/div>\n\t\t\t\t<\/div>\n\t\t\t\t<\/div>\n\t\t","protected":false},"excerpt":{"rendered":"<p>Direcci\u00f3n San Jos\u00e9, Sabana norte, 100 metros al este de la agencia Datsun-Nissan, edificio MNK Seguros Correo contacto@mnkseguros.com N\u00famero de tel\u00e9fono +506 41027600 Horario 8:00 a.m. a 5:00 p.m. Viernes de 8:00 a.m. a 4:00 p.m. Si necesit\u00e1s m\u00e1s informaci\u00f3n o ten\u00e9s alguna consulta, contactanos a trav\u00e9s del siguiente formulario:<\/p>\n","protected":false},"author":2,"featured_media":0,"parent":0,"menu_order":0,"comment_status":"closed","ping_status":"closed","template":"page-builder.php","meta":{"_acf_changed":false,"inline_featured_image":false,"footnotes":""},"class_list":["post-69","page","type-page","status-publish","hentry"],"acf":[],"aioseo_notices":[],"_links":{"self":[{"href":"https:\/\/mnkseguroscr.com\/mnk-new\/wp-json\/wp\/v2\/pages\/69","targetHints":{"allow":["GET"]}}],"collection":[{"href":"https:\/\/mnkseguroscr.com\/mnk-new\/wp-json\/wp\/v2\/pages"}],"about":[{"href":"https:\/\/mnkseguroscr.com\/mnk-new\/wp-json\/wp\/v2\/types\/page"}],"author":[{"embeddable":true,"href":"https:\/\/mnkseguroscr.com\/mnk-new\/wp-json\/wp\/v2\/users\/2"}],"replies":[{"embeddable":true,"href":"https:\/\/mnkseguroscr.com\/mnk-new\/wp-json\/wp\/v2\/comments?post=69"}],"version-history":[{"count":68,"href":"https:\/\/mnkseguroscr.com\/mnk-new\/wp-json\/wp\/v2\/pages\/69\/revisions"}],"predecessor-version":[{"id":21140,"href":"https:\/\/mnkseguroscr.com\/mnk-new\/wp-json\/wp\/v2\/pages\/69\/revisions\/21140"}],"wp:attachment":[{"href":"https:\/\/mnkseguroscr.com\/mnk-new\/wp-json\/wp\/v2\/media?parent=69"}],"curies":[{"name":"wp","href":"https:\/\/api.w.org\/{rel}","templated":true}]}}