{"id":70,"date":"2023-07-17T14:31:51","date_gmt":"2023-07-17T14:31:51","guid":{"rendered":"http:\/\/noxiy.local\/?page_id=69"},"modified":"2026-02-25T17:01:43","modified_gmt":"2026-02-25T17:01:43","slug":"contact-02","status":"publish","type":"page","link":"https:\/\/mnkseguroscr.com\/mnk-new\/contact-02\/","title":{"rendered":"Informaci\u00f3n previa sobre la compa\u00f1\u00eda de seguros"},"content":{"rendered":"\t\t<div data-elementor-type=\"wp-page\" data-elementor-id=\"70\" class=\"elementor elementor-70\" wpc-filter-elementor-widget=\"1\">\n\t\t\t\t<div class=\"elementor-element elementor-element-d1d3593 e-flex e-con-boxed e-con e-parent\" data-id=\"d1d3593\" data-element_type=\"container\" data-e-type=\"container\">\n\t\t\t\t\t<div class=\"e-con-inner\">\n\t\t\t\t<div class=\"elementor-element elementor-element-8eb1a3b elementor-widget elementor-widget-spacer\" data-id=\"8eb1a3b\" data-element_type=\"widget\" data-e-type=\"widget\" data-widget_type=\"spacer.default\">\n\t\t\t\t<div class=\"elementor-widget-container\">\n\t\t\t\t\t\t\t<div class=\"elementor-spacer\">\n\t\t\t<div class=\"elementor-spacer-inner\"><\/div>\n\t\t<\/div>\n\t\t\t\t\t\t<\/div>\n\t\t\t\t<\/div>\n\t\t\t\t\t<\/div>\n\t\t\t\t<\/div>\n\t\t<div class=\"elementor-element elementor-element-151c4c0 e-con-full e-flex e-con e-parent\" data-id=\"151c4c0\" data-element_type=\"container\" data-e-type=\"container\" data-settings=\"{&quot;shape_divider_bottom&quot;:&quot;arrow&quot;}\">\n\t\t\t\t<div class=\"elementor-shape elementor-shape-bottom\" aria-hidden=\"true\" data-negative=\"false\">\n\t\t\t<svg xmlns=\"http:\/\/www.w3.org\/2000\/svg\" viewBox=\"0 0 700 10\" preserveAspectRatio=\"none\">\n\t<path class=\"elementor-shape-fill\" d=\"M350,10L340,0h20L350,10z\"\/>\n<\/svg>\t\t<\/div>\n\t\t<div class=\"elementor-element elementor-element-72e349a e-con-full e-flex e-con e-child\" data-id=\"72e349a\" data-element_type=\"container\" data-e-type=\"container\">\n\t\t\t\t<div class=\"elementor-element elementor-element-cd3dab6 elementor-widget elementor-widget-image\" data-id=\"cd3dab6\" data-element_type=\"widget\" data-e-type=\"widget\" data-widget_type=\"image.default\">\n\t\t\t\t<div class=\"elementor-widget-container\">\n\t\t\t\t\t\t\t\t\t\t\t\t\t\t\t<img fetchpriority=\"high\" decoding=\"async\" width=\"820\" height=\"1000\" src=\"https:\/\/mnkseguroscr.com\/mnk-new\/wp-content\/uploads\/2023\/07\/travel-insurance.jpg\" class=\"attachment-large size-large wp-image-1997\" alt=\"\" \/>\t\t\t\t\t\t\t\t\t\t\t\t\t\t\t<\/div>\n\t\t\t\t<\/div>\n\t\t\t\t<\/div>\n\t\t<div class=\"elementor-element elementor-element-db75157 e-con-full e-flex e-con e-child\" data-id=\"db75157\" data-element_type=\"container\" data-e-type=\"container\" data-settings=\"{&quot;animation&quot;:&quot;none&quot;}\">\n\t\t\t\t<div class=\"elementor-element elementor-element-bd767ed elementor-widget elementor-widget-text-editor\" data-id=\"bd767ed\" data-element_type=\"widget\" data-e-type=\"widget\" data-widget_type=\"text-editor.default\">\n\t\t\t\t<div class=\"elementor-widget-container\">\n\t\t\t\t\t\t\t\t\t<h2>Datos sobre nosotros<\/h2><ul><li><p><strong>Nombre<\/strong>: MNK Seguros Compa\u00f1\u00eda Aseguradora S.A<\/p><\/li><\/ul><h5>\u00a0<\/h5><ul><li><p><strong>C\u00e9dula jur\u00eddica:<\/strong> 3-101-666929<\/p><\/li><\/ul><h5>\u00a0<\/h5><ul><li><p><strong>C\u00f3digo de registro en Sugese:<\/strong> A13<\/p><\/li><\/ul><h5>\u00a0<\/h5><ul><li><p><strong>Calificaci\u00f3n de riesgo:<\/strong> BBB+.cr<\/p><\/li><\/ul><p>Cumplimos con lo establecido en el art\u00edculo 6 de la Ley Reguladora del Mercado de Seguros, respecto al tratamiento de tus datos de car\u00e1cter personal y el resguardo de informaci\u00f3n confidencial que, como consumidor, brind\u00e9s a MNK Seguros, a nuestros intermediarios o a nuestros proveedores auxiliares en relaci\u00f3n con el contrato de seguros.<\/p>\t\t\t\t\t\t\t\t<\/div>\n\t\t\t\t<\/div>\n\t\t\t\t<\/div>\n\t\t\t\t<\/div>\n\t\t\t\t<section class=\"elementor-section elementor-top-section elementor-element elementor-element-a6e7591 elementor-section-height-min-height elementor-section-boxed elementor-section-height-default elementor-section-items-middle\" data-id=\"a6e7591\" data-element_type=\"section\" data-e-type=\"section\">\n\t\t\t\t\t\t<div class=\"elementor-container elementor-column-gap-default\">\n\t\t\t\t\t<div class=\"elementor-column elementor-col-50 elementor-top-column elementor-element elementor-element-e4bbff0\" data-id=\"e4bbff0\" data-element_type=\"column\" data-e-type=\"column\" data-settings=\"{&quot;background_background&quot;:&quot;classic&quot;}\">\n\t\t\t<div class=\"elementor-widget-wrap elementor-element-populated\">\n\t\t\t\t\t\t<div class=\"elementor-element elementor-element-e015199 elementor-widget elementor-widget-heading\" data-id=\"e015199\" data-element_type=\"widget\" data-e-type=\"widget\" data-widget_type=\"heading.default\">\n\t\t\t\t<div class=\"elementor-widget-container\">\n\t\t\t\t\t<h2 class=\"elementor-heading-title elementor-size-default\">\u00bfA d\u00f3nde pod\u00e9s contactarnos?<\/h2>\t\t\t\t<\/div>\n\t\t\t\t<\/div>\n\t\t\t\t<div class=\"elementor-element elementor-element-c814c5e elementor-widget elementor-widget-html\" data-id=\"c814c5e\" data-element_type=\"widget\" data-e-type=\"widget\" data-widget_type=\"html.default\">\n\t\t\t\t<div class=\"elementor-widget-container\">\n\t\t\t\t\t<div class=\"contact__two-info-item\" style=\"display:flex;align-items:center;margin-bottom:10px;\">\r\n  <h6 style=\"display:flex;align-items:center;justify-content:space-between;width:140px;font-weight:600;margin:0;\">  Direcci\u00f3n<span>:<\/span><\/h6>\r\n  <span style=\"margin-left:10px;\">\r\n    <a href=\"https:\/\/maps.app.goo.gl\/dUdz6AF8np1sBfha8\" target=\"_blank\" style=\"color:#000;text-decoration:none;\">San Jos\u00e9, Sabana norte, 100 metros al este de la agencia Datsun-Nissan, edificio MNK Seguros<\/a>\r\n  <\/span>\r\n<\/div>\r\n\t\t\t\t<\/div>\n\t\t\t\t<\/div>\n\t\t\t\t<div class=\"elementor-element elementor-element-593fbe3 elementor-widget elementor-widget-html\" data-id=\"593fbe3\" data-element_type=\"widget\" data-e-type=\"widget\" data-widget_type=\"html.default\">\n\t\t\t\t<div class=\"elementor-widget-container\">\n\t\t\t\t\t<div class=\"contact__two-info-item\" style=\"display:flex;align-items:center;margin-bottom:10px;\">\r\n  <h6 style=\"display:flex;align-items:center;justify-content:space-between;width:140px;font-weight:600;margin:0;\">  Correo<span>:<\/span><\/h6>\r\n  <span style=\"margin-left:10px;\">\r\n    <a href=\"mailto:contacto@mnkseguros.com\" style=\"color:#000;text-decoration:none;\">contacto@mnkseguros.com<\/a>\r\n  <\/span>\r\n<\/div>\r\n\t\t\t\t<\/div>\n\t\t\t\t<\/div>\n\t\t\t\t<div class=\"elementor-element elementor-element-c52592a elementor-widget elementor-widget-html\" data-id=\"c52592a\" data-element_type=\"widget\" data-e-type=\"widget\" data-widget_type=\"html.default\">\n\t\t\t\t<div class=\"elementor-widget-container\">\n\t\t\t\t\t<div class=\"contact__two-info-item\" style=\"display:flex;align-items:center;margin-bottom:10px;\">\r\n  <h6 style=\"display:flex;align-items:center;justify-content:space-between;width:140px;font-weight:600;margin:0;\">  Sitio Web<span>:<\/span><\/h6>\r\n  <span style=\"margin-left:10px;\">\r\n    <a href=\"https:\/\/www.mnkseguros.com\" target=\"_blank\" style=\"color:#000;text-decoration:none;\">www.mnkseguros.com<\/a>\r\n  <\/span>\r\n<\/div>\r\n\t\t\t\t<\/div>\n\t\t\t\t<\/div>\n\t\t\t\t<div class=\"elementor-element elementor-element-b45e379 elementor-widget elementor-widget-html\" data-id=\"b45e379\" data-element_type=\"widget\" data-e-type=\"widget\" data-widget_type=\"html.default\">\n\t\t\t\t<div class=\"elementor-widget-container\">\n\t\t\t\t\t<div class=\"contact__two-info-item\" style=\"display:flex;align-items:center;margin-bottom:10px;\">\r\n  <h6 style=\"display:flex;align-items:center;justify-content:space-between;width:140px;font-weight:600;margin:0;\">  Tel\u00e9fono<span>:<\/span><\/h6>\r\n  <span style=\"margin-left:10px;\">\r\n    <a href=\"tel:+50641027600\" style=\"color:#000;text-decoration:none;\">(+506) 4102-7600<\/a>\r\n  <\/span>\r\n<\/div>\r\n\t\t\t\t<\/div>\n\t\t\t\t<\/div>\n\t\t\t\t\t<\/div>\n\t\t<\/div>\n\t\t\t\t<div class=\"elementor-column elementor-col-50 elementor-top-column elementor-element elementor-element-9267e2a\" data-id=\"9267e2a\" data-element_type=\"column\" data-e-type=\"column\" data-settings=\"{&quot;background_background&quot;:&quot;slideshow&quot;,&quot;background_slideshow_gallery&quot;:[],&quot;background_slideshow_loop&quot;:&quot;yes&quot;,&quot;background_slideshow_slide_duration&quot;:5000,&quot;background_slideshow_slide_transition&quot;:&quot;fade&quot;,&quot;background_slideshow_transition_duration&quot;:500}\">\n\t\t\t<div class=\"elementor-widget-wrap elementor-element-populated\">\n\t\t\t\t\t\t<div class=\"elementor-element elementor-element-51d3e05 elementor-widget elementor-widget-image\" data-id=\"51d3e05\" data-element_type=\"widget\" data-e-type=\"widget\" data-widget_type=\"image.default\">\n\t\t\t\t<div class=\"elementor-widget-container\">\n\t\t\t\t\t\t\t\t\t\t\t\t\t\t\t<img decoding=\"async\" width=\"450\" height=\"550\" src=\"https:\/\/mnkseguroscr.com\/mnk-new\/wp-content\/uploads\/2023\/07\/offer-1.jpg\" class=\"attachment-full size-full wp-image-2269\" alt=\"\" \/>\t\t\t\t\t\t\t\t\t\t\t\t\t\t\t<\/div>\n\t\t\t\t<\/div>\n\t\t\t\t\t<\/div>\n\t\t<\/div>\n\t\t\t\t\t<\/div>\n\t\t<\/section>\n\t\t<div class=\"elementor-element elementor-element-3cadd22 e-flex e-con-boxed e-con e-parent\" data-id=\"3cadd22\" data-element_type=\"container\" data-e-type=\"container\">\n\t\t\t\t\t<div class=\"e-con-inner\">\n\t\t\t\t<div class=\"elementor-element elementor-element-728eb2e elementor-widget-divider--view-line elementor-widget elementor-widget-divider\" data-id=\"728eb2e\" data-element_type=\"widget\" data-e-type=\"widget\" data-widget_type=\"divider.default\">\n\t\t\t\t<div class=\"elementor-widget-container\">\n\t\t\t\t\t\t\t<div class=\"elementor-divider\">\n\t\t\t<span class=\"elementor-divider-separator\">\n\t\t\t\t\t\t<\/span>\n\t\t<\/div>\n\t\t\t\t\t\t<\/div>\n\t\t\t\t<\/div>\n\t\t\t\t\t<\/div>\n\t\t\t\t<\/div>\n\t\t<div class=\"elementor-element elementor-element-7456b52 e-flex e-con-boxed e-con e-parent\" data-id=\"7456b52\" data-element_type=\"container\" data-e-type=\"container\">\n\t\t\t\t\t<div class=\"e-con-inner\">\n\t\t<div class=\"elementor-element elementor-element-0ebf921 e-con-full e-flex e-con e-child\" data-id=\"0ebf921\" data-element_type=\"container\" data-e-type=\"container\">\n\t\t\t\t<div class=\"elementor-element elementor-element-dec7563 elementor-widget elementor-widget-image\" data-id=\"dec7563\" data-element_type=\"widget\" data-e-type=\"widget\" data-widget_type=\"image.default\">\n\t\t\t\t<div class=\"elementor-widget-container\">\n\t\t\t\t\t\t\t\t\t\t\t\t\t\t\t<img decoding=\"async\" width=\"681\" height=\"1024\" src=\"https:\/\/mnkseguroscr.com\/mnk-new\/wp-content\/uploads\/2026\/02\/colleagues-working-together-call-center-office-with-coffee-681x1024.webp\" class=\"attachment-large size-large wp-image-18887\" alt=\"\" srcset=\"https:\/\/mnkseguroscr.com\/mnk-new\/wp-content\/uploads\/2026\/02\/colleagues-working-together-call-center-office-with-coffee-681x1024.webp 681w, https:\/\/mnkseguroscr.com\/mnk-new\/wp-content\/uploads\/2026\/02\/colleagues-working-together-call-center-office-with-coffee-200x300.webp 200w, https:\/\/mnkseguroscr.com\/mnk-new\/wp-content\/uploads\/2026\/02\/colleagues-working-together-call-center-office-with-coffee-768x1154.webp 768w, https:\/\/mnkseguroscr.com\/mnk-new\/wp-content\/uploads\/2026\/02\/colleagues-working-together-call-center-office-with-coffee-1022x1536.webp 1022w, https:\/\/mnkseguroscr.com\/mnk-new\/wp-content\/uploads\/2026\/02\/colleagues-working-together-call-center-office-with-coffee-1363x2048.webp 1363w, https:\/\/mnkseguroscr.com\/mnk-new\/wp-content\/uploads\/2026\/02\/colleagues-working-together-call-center-office-with-coffee-scaled.webp 1703w\" sizes=\"(max-width: 681px) 100vw, 681px\" \/>\t\t\t\t\t\t\t\t\t\t\t\t\t\t\t<\/div>\n\t\t\t\t<\/div>\n\t\t\t\t<\/div>\n\t\t<div class=\"elementor-element elementor-element-62da2e3 e-con-full e-flex e-con e-child\" data-id=\"62da2e3\" data-element_type=\"container\" data-e-type=\"container\">\n\t\t\t\t<div class=\"elementor-element elementor-element-c6e8232 elementor-widget elementor-widget-text-editor\" data-id=\"c6e8232\" data-element_type=\"widget\" data-e-type=\"widget\" data-widget_type=\"text-editor.default\">\n\t\t\t\t<div class=\"elementor-widget-container\">\n\t\t\t\t\t\t\t\t\t<h2 class=\"elementor-heading-title elementor-size-default\">Inconformidades y resoluci\u00f3n de disputas<\/h2><p>\u00a0<\/p><p>Sin perjuicio de las instancias y procedimientos que contempla la normativa vigente en materia de seguros, en caso de que, como asegurado, teng\u00e1s alguna inconformidad o reclamo con nosotros, pod\u00e9s optar por los siguientes procedimientos:<\/p><ol><li><p>Consulta telef\u00f3nica: pod\u00e9s contactarnos al tel\u00e9fono antes indicado en horario h\u00e1bil.<\/p><\/li><li><p>Inconformidad formal escrita: pod\u00e9s presentar un reclamo escrito en nuestras oficinas, o bien por medio de correo electr\u00f3nico; todo conforme con los datos de contacto antes indicados.<\/p><\/li><li><p>Jurisdicci\u00f3n y arbitraje: en caso de reclamos o disputas, ser\u00e1n competentes los Tribunales de Costa Rica. Igualmente, las partes tendr\u00e1n la posibilidad de recurrir a los medios alternos establecidos en la Ley sobre Resoluci\u00f3n Alterna de Conflictos y Promoci\u00f3n de la Paz Social, cuando as\u00ed lo acuerden.<\/p><\/li><li><p>Otras instancias: en adici\u00f3n a la jurisdicci\u00f3n com\u00fan y arbitral antes indicada, como consumidor de seguros, de conformidad con la normativa vigente, pod\u00e9s dirigirte a la Instancia de Defensa del Asegurado, cuyos datos de contacto pueden verificarse, dando clic aqu\u00ed. Asimismo, cont\u00e1s con derecho de acudir como parte interesada a la Sugese o a la Comisi\u00f3n Nacional del Consumidor, conforme a las competencias espec\u00edficas de dichas entidades que estipula la normativa vigente.<\/p><\/li><\/ol>\t\t\t\t\t\t\t\t<\/div>\n\t\t\t\t<\/div>\n\t\t\t\t<\/div>\n\t\t\t\t\t<\/div>\n\t\t\t\t<\/div>\n\t\t<div class=\"elementor-element elementor-element-8359bbe e-flex e-con-boxed e-con e-parent\" data-id=\"8359bbe\" data-element_type=\"container\" data-e-type=\"container\">\n\t\t\t\t\t<div class=\"e-con-inner\">\n\t\t\t\t<div class=\"elementor-element elementor-element-800a5e5 elementor-widget-divider--view-line elementor-widget elementor-widget-divider\" data-id=\"800a5e5\" data-element_type=\"widget\" data-e-type=\"widget\" data-widget_type=\"divider.default\">\n\t\t\t\t<div class=\"elementor-widget-container\">\n\t\t\t\t\t\t\t<div class=\"elementor-divider\">\n\t\t\t<span class=\"elementor-divider-separator\">\n\t\t\t\t\t\t<\/span>\n\t\t<\/div>\n\t\t\t\t\t\t<\/div>\n\t\t\t\t<\/div>\n\t\t\t\t\t<\/div>\n\t\t\t\t<\/div>\n\t\t<div class=\"elementor-element elementor-element-7d5d64c e-flex e-con-boxed e-con e-parent\" data-id=\"7d5d64c\" data-element_type=\"container\" data-e-type=\"container\">\n\t\t\t\t\t<div class=\"e-con-inner\">\n\t\t<div class=\"elementor-element elementor-element-6a0da4f e-con-full e-flex e-con e-child\" data-id=\"6a0da4f\" data-element_type=\"container\" data-e-type=\"container\">\n\t\t\t\t<div class=\"elementor-element elementor-element-8814aee elementor-widget elementor-widget-text-editor\" data-id=\"8814aee\" data-element_type=\"widget\" data-e-type=\"widget\" data-widget_type=\"text-editor.default\">\n\t\t\t\t<div class=\"elementor-widget-container\">\n\t\t\t\t\t\t\t\t\t<div class=\"elementor-element elementor-element-612b0df elementor-widget elementor-widget-heading\" data-id=\"612b0df\" data-element_type=\"widget\" data-widget_type=\"heading.default\"><div class=\"elementor-widget-container\"><h2>\u00a0<\/h2><h2 class=\"elementor-heading-title elementor-size-default\">Respuesta oportuna<\/h2><div>\u00a0<\/div><div>\u00a0<\/div><\/div><\/div><p>Como cliente ten\u00e9s derecho a recibir respuesta oportuna a todo reclamo, petici\u00f3n o solicitud que present\u00e9s personalmente o por medio de tu representante legal, dentro de un plazo m\u00e1ximo de treinta (30) d\u00edas naturales a partir de la presentaci\u00f3n de la documentaci\u00f3n respectiva.<\/p><div><div class=\"elementor-element elementor-element-ef6fc92 e-con-full e-flex e-con e-child\" data-id=\"ef6fc92\" data-element_type=\"container\"><div class=\"elementor-element elementor-element-c4b69f6 elementor-widget elementor-widget-image\" data-id=\"c4b69f6\" data-element_type=\"widget\" data-widget_type=\"image.default\">\u00a0<\/div><\/div><\/div><div>\u00a0<\/div><div>\u00a0<\/div><div>\u00a0<\/div>\t\t\t\t\t\t\t\t<\/div>\n\t\t\t\t<\/div>\n\t\t\t\t<\/div>\n\t\t<div class=\"elementor-element elementor-element-0b66f03 e-con-full e-flex e-con e-child\" data-id=\"0b66f03\" data-element_type=\"container\" data-e-type=\"container\">\n\t\t\t\t<div class=\"elementor-element elementor-element-a3c2fc5 elementor-widget elementor-widget-image\" data-id=\"a3c2fc5\" data-element_type=\"widget\" data-e-type=\"widget\" data-widget_type=\"image.default\">\n\t\t\t\t<div class=\"elementor-widget-container\">\n\t\t\t\t\t\t\t\t\t\t\t\t\t\t\t<img loading=\"lazy\" decoding=\"async\" width=\"928\" height=\"940\" src=\"https:\/\/mnkseguroscr.com\/mnk-new\/wp-content\/uploads\/2023\/07\/1.jpg\" class=\"attachment-large size-large wp-image-1865\" alt=\"\" \/>\t\t\t\t\t\t\t\t\t\t\t\t\t\t\t<\/div>\n\t\t\t\t<\/div>\n\t\t\t\t<\/div>\n\t\t\t\t\t<\/div>\n\t\t\t\t<\/div>\n\t\t\t\t<\/div>\n\t\t","protected":false},"excerpt":{"rendered":"<p>Datos sobre nosotros Nombre: MNK Seguros Compa\u00f1\u00eda Aseguradora S.A \u00a0 C\u00e9dula jur\u00eddica: 3-101-666929 \u00a0 C\u00f3digo de registro en Sugese: A13 \u00a0 Calificaci\u00f3n de riesgo: BBB+.cr Cumplimos con lo establecido en el art\u00edculo 6 de la Ley Reguladora del Mercado de Seguros, respecto al tratamiento de tus datos de car\u00e1cter personal y el resguardo de informaci\u00f3n [&hellip;]<\/p>\n","protected":false},"author":2,"featured_media":0,"parent":0,"menu_order":0,"comment_status":"closed","ping_status":"closed","template":"page-builder.php","meta":{"_acf_changed":false,"inline_featured_image":false,"footnotes":""},"class_list":["post-70","page","type-page","status-publish","hentry"],"acf":[],"aioseo_notices":[],"_links":{"self":[{"href":"https:\/\/mnkseguroscr.com\/mnk-new\/wp-json\/wp\/v2\/pages\/70","targetHints":{"allow":["GET"]}}],"collection":[{"href":"https:\/\/mnkseguroscr.com\/mnk-new\/wp-json\/wp\/v2\/pages"}],"about":[{"href":"https:\/\/mnkseguroscr.com\/mnk-new\/wp-json\/wp\/v2\/types\/page"}],"author":[{"embeddable":true,"href":"https:\/\/mnkseguroscr.com\/mnk-new\/wp-json\/wp\/v2\/users\/2"}],"replies":[{"embeddable":true,"href":"https:\/\/mnkseguroscr.com\/mnk-new\/wp-json\/wp\/v2\/comments?post=70"}],"version-history":[{"count":153,"href":"https:\/\/mnkseguroscr.com\/mnk-new\/wp-json\/wp\/v2\/pages\/70\/revisions"}],"predecessor-version":[{"id":18923,"href":"https:\/\/mnkseguroscr.com\/mnk-new\/wp-json\/wp\/v2\/pages\/70\/revisions\/18923"}],"wp:attachment":[{"href":"https:\/\/mnkseguroscr.com\/mnk-new\/wp-json\/wp\/v2\/media?parent=70"}],"curies":[{"name":"wp","href":"https:\/\/api.w.org\/{rel}","templated":true}]}}